{"id":1105,"date":"2023-04-14T22:15:49","date_gmt":"2023-04-14T20:15:49","guid":{"rendered":"https:\/\/schuetzen-ahrem.de\/stjann\/?page_id=1105"},"modified":"2023-04-16T12:04:28","modified_gmt":"2023-04-16T10:04:28","slug":"ehre-wem-ehre-gebuehrt","status":"publish","type":"page","link":"https:\/\/schuetzen-ahrem.de\/stjann\/ehre-wem-ehre-gebuehrt-1\/ehre-wem-ehre-gebuehrt\/","title":{"rendered":"Orden"},"content":{"rendered":"\n<p><strong>Die St. Johannes Sch\u00fctzenbruderschaft Ahrem 1925 e.V. ist im Bund der Historischen Deutschen Sch\u00fctzenbruderschaften organisiert.<\/strong><\/p>\n\n\n\n<p>Dieser Verband besitzt das leitende Motto Glaube-Sitte-Heimat. In diesem Sinne verleiht dieser Verband an verdiente Sch\u00fctzen auf Vorschlag der Bruderschaften verdienten Sch\u00fctzen Auszeichnungen f\u00fcr Verdienste um dieses Motto. Diese Orden setzen aufeinander auf, d.h. die Verleihung eines Ordens setzt die vorherige Verleihung des niederrangigen Ordens voraus.<br>Es ist f\u00fcr unsere Bruderschaft selbstverst\u00e4ndlich, dass verdiente Sch\u00fctzenbr\u00fcder f\u00fcr ihren Einsatz und ihr Engagement ausgezeichnet werden.<\/p>\n\n\n\n<p>Auf den nachfolgenden Ehrentafeln geben wir einen \u00dcberblick \u00fcber die in diesem Sinne besonders ausgezeichneten Sch\u00fctzenschwestern und Sch\u00fctzenbr\u00fcder.<\/p>\n\n\n\n<p><strong>Die Sch\u00fctzenbruderschaft Ahrem 1925 e.V. zeichnet Ihre aktiven Sch\u00fctzenbr\u00fcder mit folgenden Orden und Ehrenabzeichen aus.<\/strong><\/p>\n\n\n\n<div class=\"wp-block-media-text alignwide is-stacked-on-mobile\" style=\"grid-template-columns:20% auto\"><figure class=\"wp-block-media-text__media\"><img decoding=\"async\" width=\"180\" height=\"180\" src=\"https:\/\/schuetzen-ahrem.de\/stjann\/wp-content\/uploads\/2023\/04\/orden_sebastian_blau.jpg\" alt=\"\" class=\"wp-image-1107 size-full\" srcset=\"https:\/\/schuetzen-ahrem.de\/stjann\/wp-content\/uploads\/2023\/04\/orden_sebastian_blau.jpg 180w, https:\/\/schuetzen-ahrem.de\/stjann\/wp-content\/uploads\/2023\/04\/orden_sebastian_blau-150x150.jpg 150w, https:\/\/schuetzen-ahrem.de\/stjann\/wp-content\/uploads\/2023\/04\/orden_sebastian_blau-80x80.jpg 80w\" sizes=\"(max-width: 180px) 100vw, 180px\" \/><\/figure><div class=\"wp-block-media-text__content\">\n<p><strong>St. Sebastianus Orden in blau<\/strong><br>Den St. Sebastianus Orden in blau kann an Sch\u00fctzenschwestern und Sch\u00fctzenbr\u00fcder verliehen werden, die sich innerhalb der Bruderschaft Verdienste erworben haben.<\/p>\n<\/div><\/div>\n\n\n\n<hr class=\"wp-block-separator has-alpha-channel-opacity is-style-dots\"\/>\n\n\n\n<div class=\"wp-block-media-text alignwide is-stacked-on-mobile\" style=\"grid-template-columns:20% auto\"><figure class=\"wp-block-media-text__media\"><img decoding=\"async\" width=\"180\" height=\"180\" src=\"https:\/\/schuetzen-ahrem.de\/stjann\/wp-content\/uploads\/2023\/04\/orden_sebastian_elfenbein.jpg\" alt=\"\" class=\"wp-image-1108 size-full\" srcset=\"https:\/\/schuetzen-ahrem.de\/stjann\/wp-content\/uploads\/2023\/04\/orden_sebastian_elfenbein.jpg 180w, https:\/\/schuetzen-ahrem.de\/stjann\/wp-content\/uploads\/2023\/04\/orden_sebastian_elfenbein-150x150.jpg 150w, https:\/\/schuetzen-ahrem.de\/stjann\/wp-content\/uploads\/2023\/04\/orden_sebastian_elfenbein-80x80.jpg 80w\" sizes=\"(max-width: 180px) 100vw, 180px\" \/><\/figure><div class=\"wp-block-media-text__content\">\n<p><strong>St. Sebastianus Orden in elfenbein<\/strong><br>Den St. Sebastianus Orden in elfenbein kann an Sch\u00fctzenschwestern und Sch\u00fctzenbr\u00fcder verliehen werden, die sich innerhalb der Bruderschaft Verdienste erworben haben.<\/p>\n<\/div><\/div>\n\n\n\n<hr class=\"wp-block-separator has-alpha-channel-opacity is-style-dots\"\/>\n\n\n\n<div class=\"wp-block-media-text alignwide is-stacked-on-mobile\" style=\"grid-template-columns:20% auto\"><figure class=\"wp-block-media-text__media\"><img fetchpriority=\"high\" decoding=\"async\" width=\"438\" height=\"439\" src=\"https:\/\/schuetzen-ahrem.de\/stjann\/wp-content\/uploads\/2023\/04\/orden_svk.jpg\" alt=\"\" class=\"wp-image-1115 size-full\" srcset=\"https:\/\/schuetzen-ahrem.de\/stjann\/wp-content\/uploads\/2023\/04\/orden_svk.jpg 438w, https:\/\/schuetzen-ahrem.de\/stjann\/wp-content\/uploads\/2023\/04\/orden_svk-300x301.jpg 300w, https:\/\/schuetzen-ahrem.de\/stjann\/wp-content\/uploads\/2023\/04\/orden_svk-150x150.jpg 150w, https:\/\/schuetzen-ahrem.de\/stjann\/wp-content\/uploads\/2023\/04\/orden_svk-80x80.jpg 80w\" sizes=\"(max-width: 438px) 100vw, 438px\" \/><\/figure><div class=\"wp-block-media-text__content\">\n<p><strong>Silbernes Verdienstkreuz (SVK)<\/strong><br>Das Silberne Verdienstkreuz kann an Sch\u00fctzenschwestern und Sch\u00fctzenbr\u00fcder verliehen werden, die sich innerhalb der Bruderschaft oder der Organisation des Bundes Verdienste erworben haben.<\/p>\n<\/div><\/div>\n\n\n\n<hr class=\"wp-block-separator has-alpha-channel-opacity is-style-dots\"\/>\n\n\n\n<div class=\"wp-block-media-text alignwide is-stacked-on-mobile\" style=\"grid-template-columns:20% auto\"><figure class=\"wp-block-media-text__media\"><img loading=\"lazy\" decoding=\"async\" width=\"468\" height=\"466\" src=\"https:\/\/schuetzen-ahrem.de\/stjann\/wp-content\/uploads\/2023\/04\/orden_hbo.jpg\" alt=\"\" class=\"wp-image-1106 size-full\" srcset=\"https:\/\/schuetzen-ahrem.de\/stjann\/wp-content\/uploads\/2023\/04\/orden_hbo.jpg 468w, https:\/\/schuetzen-ahrem.de\/stjann\/wp-content\/uploads\/2023\/04\/orden_hbo-300x299.jpg 300w, https:\/\/schuetzen-ahrem.de\/stjann\/wp-content\/uploads\/2023\/04\/orden_hbo-150x150.jpg 150w, https:\/\/schuetzen-ahrem.de\/stjann\/wp-content\/uploads\/2023\/04\/orden_hbo-80x80.jpg 80w\" sizes=\"(max-width: 468px) 100vw, 468px\" \/><\/figure><div class=\"wp-block-media-text__content\">\n<p><strong>Hoher Bruderschaftsorden (HBO)<\/strong><br>Der Hohe Bruderschaftsorden kann an Sch\u00fctzenschwestern und Sch\u00fctzenbr\u00fcder verliehen werden, die sich um die Bruderschaft oder den Bund und seine Organisation besonders verdient gemacht haben.<\/p>\n<\/div><\/div>\n\n\n\n<hr class=\"wp-block-separator has-alpha-channel-opacity is-style-dots\"\/>\n\n\n\n<div class=\"wp-block-media-text alignwide is-stacked-on-mobile\" style=\"grid-template-columns:20% auto\"><figure class=\"wp-block-media-text__media\"><img loading=\"lazy\" decoding=\"async\" width=\"516\" height=\"516\" src=\"https:\/\/schuetzen-ahrem.de\/stjann\/wp-content\/uploads\/2023\/04\/orden_sek.jpg\" alt=\"\" class=\"wp-image-1109 size-full\" srcset=\"https:\/\/schuetzen-ahrem.de\/stjann\/wp-content\/uploads\/2023\/04\/orden_sek.jpg 516w, https:\/\/schuetzen-ahrem.de\/stjann\/wp-content\/uploads\/2023\/04\/orden_sek-300x300.jpg 300w, https:\/\/schuetzen-ahrem.de\/stjann\/wp-content\/uploads\/2023\/04\/orden_sek-150x150.jpg 150w, https:\/\/schuetzen-ahrem.de\/stjann\/wp-content\/uploads\/2023\/04\/orden_sek-80x80.jpg 80w\" sizes=\"(max-width: 516px) 100vw, 516px\" \/><\/figure><div class=\"wp-block-media-text__content\">\n<p><strong>St. Sebastianus Ehrenkreuz (SEK)<\/strong><br>Das St. Sebastianus Ehrenkreuz kann an Sch\u00fctzenschwestern und Sch\u00fctzenbr\u00fcder verliehen werden, die im Besitz des Hohen Bruderschaftsordens sind und sich in hervorragender Weise \u00fcber einen l\u00e4ngeren Zeitraum um das historische Sch\u00fctzenwesen verdient gemacht haben.<\/p>\n<\/div><\/div>\n\n\n\n<hr class=\"wp-block-separator has-alpha-channel-opacity is-style-dots\"\/>\n\n\n\n<div class=\"wp-block-media-text alignwide is-stacked-on-mobile\" style=\"grid-template-columns:20% auto\"><figure class=\"wp-block-media-text__media\"><img loading=\"lazy\" decoding=\"async\" width=\"512\" height=\"512\" src=\"https:\/\/schuetzen-ahrem.de\/stjann\/wp-content\/uploads\/2023\/04\/orden_sek_band.jpg\" alt=\"\" class=\"wp-image-1110 size-full\" srcset=\"https:\/\/schuetzen-ahrem.de\/stjann\/wp-content\/uploads\/2023\/04\/orden_sek_band.jpg 512w, https:\/\/schuetzen-ahrem.de\/stjann\/wp-content\/uploads\/2023\/04\/orden_sek_band-300x300.jpg 300w, https:\/\/schuetzen-ahrem.de\/stjann\/wp-content\/uploads\/2023\/04\/orden_sek_band-150x150.jpg 150w, https:\/\/schuetzen-ahrem.de\/stjann\/wp-content\/uploads\/2023\/04\/orden_sek_band-80x80.jpg 80w\" sizes=\"(max-width: 512px) 100vw, 512px\" \/><\/figure><div class=\"wp-block-media-text__content\">\n<p><strong>Schulterband zum SEK<\/strong><br>Das Schulterband zum St. Sebastianus Ehrenkreuz kann an Sch\u00fctzenschwestern und Sch\u00fctzenbr\u00fcder verliehen werden, die sich in \u00fcberzeugender Weise um das Sch\u00fctzenwesen verdient gemacht haben. Besonderer Wert ist auf die Feststellung christlicher Wert- und Lebensma\u00dfst\u00e4be zu legen.<\/p>\n<\/div><\/div>\n\n\n\n<hr class=\"wp-block-separator has-alpha-channel-opacity is-style-dots\"\/>\n\n\n\n<div class=\"wp-block-media-text alignwide is-stacked-on-mobile\" style=\"grid-template-columns:20% auto\"><figure class=\"wp-block-media-text__media\"><img loading=\"lazy\" decoding=\"async\" width=\"146\" height=\"116\" src=\"https:\/\/schuetzen-ahrem.de\/stjann\/wp-content\/uploads\/2023\/03\/foto_folgt.jpg\" alt=\"\" class=\"wp-image-865 size-full\"\/><\/figure><div class=\"wp-block-media-text__content\">\n<p><strong>St. Johannes-Ehrenteller (limitierte Auflage)<\/strong><br>Beschreibung<\/p>\n<\/div><\/div>\n\n\n\n<hr class=\"wp-block-separator has-alpha-channel-opacity is-style-dots\"\/>\n\n\n\n<div class=\"wp-block-media-text alignwide is-stacked-on-mobile\" style=\"grid-template-columns:20% auto\"><figure class=\"wp-block-media-text__media\"><img loading=\"lazy\" decoding=\"async\" width=\"482\" height=\"482\" src=\"https:\/\/schuetzen-ahrem.de\/stjann\/wp-content\/uploads\/2023\/04\/orden_sek_sterngold.jpg\" alt=\"\" class=\"wp-image-1112 size-full\" srcset=\"https:\/\/schuetzen-ahrem.de\/stjann\/wp-content\/uploads\/2023\/04\/orden_sek_sterngold.jpg 482w, https:\/\/schuetzen-ahrem.de\/stjann\/wp-content\/uploads\/2023\/04\/orden_sek_sterngold-300x300.jpg 300w, https:\/\/schuetzen-ahrem.de\/stjann\/wp-content\/uploads\/2023\/04\/orden_sek_sterngold-150x150.jpg 150w, https:\/\/schuetzen-ahrem.de\/stjann\/wp-content\/uploads\/2023\/04\/orden_sek_sterngold-80x80.jpg 80w\" sizes=\"(max-width: 482px) 100vw, 482px\" \/><\/figure><div class=\"wp-block-media-text__content\">\n<p><strong>Goldener Stern zum SEK<\/strong><br>Der Goldene Stern zum SEK kann an Sch\u00fctzenschwestern und Sch\u00fctzenbr\u00fcder verliehen werden, die sich \u00fcber einen jahrzehntelangen Zeitraum hinweg in hervorragender Weise um das historische Sch\u00fctzenwesen verdient gemacht haben. Dabei ist ein unabdingbares Kriterium, da\u00df der oder die Auszuzeichnende in untadeliger Weise f\u00fcr die Verwirklichung des christlichen Welt- und Lebensbildes eintritt. \u00dcber die Verleihung entscheidet der Bundessch\u00fctzenmeister im Einvernehmen mit dem Pr\u00e4sidium.<\/p>\n<\/div><\/div>\n\n\n\n<hr class=\"wp-block-separator has-alpha-channel-opacity is-style-dots\"\/>\n\n\n\n<div class=\"wp-block-media-text alignwide is-stacked-on-mobile\" style=\"grid-template-columns:20% auto\"><figure class=\"wp-block-media-text__media\"><img loading=\"lazy\" decoding=\"async\" width=\"473\" height=\"473\" src=\"https:\/\/schuetzen-ahrem.de\/stjann\/wp-content\/uploads\/2023\/04\/orden_sek_sterngross.jpg\" alt=\"\" class=\"wp-image-1113 size-full\" srcset=\"https:\/\/schuetzen-ahrem.de\/stjann\/wp-content\/uploads\/2023\/04\/orden_sek_sterngross.jpg 473w, https:\/\/schuetzen-ahrem.de\/stjann\/wp-content\/uploads\/2023\/04\/orden_sek_sterngross-300x300.jpg 300w, https:\/\/schuetzen-ahrem.de\/stjann\/wp-content\/uploads\/2023\/04\/orden_sek_sterngross-150x150.jpg 150w, https:\/\/schuetzen-ahrem.de\/stjann\/wp-content\/uploads\/2023\/04\/orden_sek_sterngross-80x80.jpg 80w\" sizes=\"(max-width: 473px) 100vw, 473px\" \/><\/figure><div class=\"wp-block-media-text__content\">\n<p><strong>Gro\u00dfer Stern zum SEK<\/strong><br>Der Gro\u00dfe Stern zum SEK kann an Sch\u00fctzenschwestern und Sch\u00fctzenbr\u00fcder verliehen werden, die sich in au\u00dferordentlichem Ma\u00dfe um die Verwirklichung der Ideale historischer Sch\u00fctzen &#8211; regional und \u00fcberregional &#8211; verdient gemacht haben. Bei der Beantragung ist darauf zu achten, dass der Auszuzeichnende sein christliches Welt- und Lebensbild \u00fcberzeugend lebt. Die Zahl der lebenden Tr\u00e4ger dieser Auszeichnung ist auf 28 Personen beschr\u00e4nkt. \u00dcber die Verleihung entscheidet das Pr\u00e4sidium in schriftlicher Abstimmung mit 2\/3 Mehrheit der abgegebenen Stimmen.<\/p>\n<\/div><\/div>\n\n\n\n<hr class=\"wp-block-separator has-alpha-channel-opacity is-style-dots\"\/>\n\n\n\n<div class=\"wp-block-media-text alignwide is-stacked-on-mobile\" style=\"grid-template-columns:20% auto\"><figure class=\"wp-block-media-text__media\"><img loading=\"lazy\" decoding=\"async\" width=\"520\" height=\"520\" src=\"https:\/\/schuetzen-ahrem.de\/stjann\/wp-content\/uploads\/2023\/04\/orden_sek_grosskreuz.jpg\" alt=\"\" class=\"wp-image-1111 size-full\" srcset=\"https:\/\/schuetzen-ahrem.de\/stjann\/wp-content\/uploads\/2023\/04\/orden_sek_grosskreuz.jpg 520w, https:\/\/schuetzen-ahrem.de\/stjann\/wp-content\/uploads\/2023\/04\/orden_sek_grosskreuz-300x300.jpg 300w, https:\/\/schuetzen-ahrem.de\/stjann\/wp-content\/uploads\/2023\/04\/orden_sek_grosskreuz-150x150.jpg 150w, https:\/\/schuetzen-ahrem.de\/stjann\/wp-content\/uploads\/2023\/04\/orden_sek_grosskreuz-80x80.jpg 80w\" sizes=\"(max-width: 520px) 100vw, 520px\" \/><\/figure><div class=\"wp-block-media-text__content\">\n<p><strong>Gro\u00dfkreuz zum St. Sebastianus Ehrenkreuz<\/strong><br>Das Gro\u00dfkreuz zum St. Sebastianus Ehrenkreuz wird an Sch\u00fctzenschwestern und Sch\u00fctzenbr\u00fcder verliehen, die sich im langj\u00e4hrigen Einsatz um die Verwirklichung der hohen Sch\u00fctzenideale &#8222;f\u00fcr Glaube, Sitte und Heimat&#8220; im Bund und seinen Organisationen au\u00dfergew\u00f6hnliche Verdienste erworben haben. Die Zahl der lebenden Tr\u00e4ger dieser Auszeichnung ist auf sieben Personen begrenzt. Das Pr\u00e4sidium befindet \u00fcber einen solchen Antrag in schriftlicher Abstimmung mit 4\/5 der abgegebenen Stimmen.<\/p>\n<\/div><\/div>\n\n\n\n<hr class=\"wp-block-separator has-alpha-channel-opacity is-style-dots\"\/>\n\n\n\n<div class=\"wp-block-media-text alignwide is-stacked-on-mobile\" style=\"grid-template-columns:20% auto\"><figure class=\"wp-block-media-text__media\"><img loading=\"lazy\" decoding=\"async\" width=\"168\" height=\"168\" src=\"https:\/\/schuetzen-ahrem.de\/stjann\/wp-content\/uploads\/2023\/04\/orden_ses.jpg\" alt=\"\" class=\"wp-image-1114 size-full\" srcset=\"https:\/\/schuetzen-ahrem.de\/stjann\/wp-content\/uploads\/2023\/04\/orden_ses.jpg 168w, https:\/\/schuetzen-ahrem.de\/stjann\/wp-content\/uploads\/2023\/04\/orden_ses-150x150.jpg 150w, https:\/\/schuetzen-ahrem.de\/stjann\/wp-content\/uploads\/2023\/04\/orden_ses-80x80.jpg 80w\" sizes=\"(max-width: 168px) 100vw, 168px\" \/><\/figure><div class=\"wp-block-media-text__content\">\n<p><strong>Das St. Sebastianus Ehrenschild<\/strong><br>Das St. Sebastianus Ehrenschild kann an Sch\u00fctzenbr\u00fcder verliehen werden, die sich um eine Bruderschaft, den Bund und das Sch\u00fctzenwesen in \u00fcberzeugender Weise verdient gemacht haben und ein Vorbild f\u00fcr ein christliches Welt- und Lebensbild geben. Die Sonderstufe des St. Sebastianus Ehrenschildes am Bande ist ausschlie\u00dflich der W\u00fcrdigung und Anerkennung der Arbeit der Pr\u00e4sides in den Bruderschaften, Bezirks- und Di\u00f6zesanverb\u00e4nden vorbehalten. Auszeichnung und Urkunde werden durch ein Mitglied des Pr\u00e4sidiums \u00fcbergeben.<\/p>\n<\/div><\/div>\n\n\n\n<hr class=\"wp-block-separator has-alpha-channel-opacity is-style-dots\"\/>\n\n\n\n<p><strong>Trageweisen<\/strong><\/p>\n\n\n\n<ul class=\"wp-block-list\">\n<li>Silbernes Verdienstkreuz (SVK) und Hoher Bruderschaftsorden (HBO) werden auf der linken Brustseite, HBO oberhalb des SVK, getragen.<\/li>\n\n\n\n<li>St.-Sebastianus-Ehrenkreuz und Gro\u00dfkreuz zum St.-Sebastianus-Ehrenkreuz werden am Hals, mit dem Ordensband unter dem Hemdkragen, getragen. Frauen tragen das Kreuz eine Handbreite unter der linken Schulter.<\/li>\n\n\n\n<li>Ein Schulterband wird \u00fcber der Jacke von der rechten Schulter zur linken H\u00fcfte getragen und sollte mit der Unterkante der Jacke abschlie\u00dfen.<\/li>\n\n\n\n<li>Goldener Stern zum St.-Sebastianus-Ehrenkreuz und St.-Sebastianus-Ehrenschild werden in der Mitte der rechten Brustseite, Stern ggf. oberhalb des Ehrenschilds, getragen.<\/li>\n\n\n\n<li>Der Gro\u00dfe Stern zum St.-Sebastianus-Ehrenkreuz wird in der Mitte der linken Brustseite getragen. Steckauszeichnungen wie SVK, HBO, St.-Sebastianus-Ehrenschild, Goldener Stern zum St.-Sebastianus Ehrenkreuz werden dazu nicht getragen.<\/li>\n\n\n\n<li>Zu Gro\u00dfem Stern zum St.-Sebastianus-Ehrenkreuz und Gro\u00dfkreuz zum St.-Sebastianus- Ehrenkreuz werden keine weiteren Steckauszeichnungen angelegt. Es werden nur ein Schulterband und ein Stern getragen.<\/li>\n\n\n\n<li>Das Abzeichen der niederen Stufe einer Auszeichnung kann abgelegt werden.<\/li>\n\n\n\n<li>Das Abzeichen einer Auszeichnung darf nur zu Tracht oder angemessenem Anzug getragen werden.<\/li>\n<\/ul>\n\n\n\n<p><em>Auszug aus den A04 Verleihbestimmungen (Stand 16.11.2013) des BHDS<\/em><\/p>\n","protected":false},"excerpt":{"rendered":"<p>Die St. Johannes Sch\u00fctzenbruderschaft Ahrem 1925 e.V. ist im Bund der Historischen Deutschen Sch\u00fctzenbruderschaften organisiert. Dieser Verband besitzt das leitende Motto Glaube-Sitte-Heimat. In diesem Sinne verleiht dieser Verband an verdiente&#8230;<\/p>\n","protected":false},"author":1,"featured_media":0,"parent":1119,"menu_order":0,"comment_status":"closed","ping_status":"closed","template":"","meta":{"pgc_sgb_lightbox_settings":"","footnotes":""},"class_list":["post-1105","page","type-page","status-publish","hentry"],"_links":{"self":[{"href":"https:\/\/schuetzen-ahrem.de\/stjann\/wp-json\/wp\/v2\/pages\/1105","targetHints":{"allow":["GET"]}}],"collection":[{"href":"https:\/\/schuetzen-ahrem.de\/stjann\/wp-json\/wp\/v2\/pages"}],"about":[{"href":"https:\/\/schuetzen-ahrem.de\/stjann\/wp-json\/wp\/v2\/types\/page"}],"author":[{"embeddable":true,"href":"https:\/\/schuetzen-ahrem.de\/stjann\/wp-json\/wp\/v2\/users\/1"}],"replies":[{"embeddable":true,"href":"https:\/\/schuetzen-ahrem.de\/stjann\/wp-json\/wp\/v2\/comments?post=1105"}],"version-history":[{"count":10,"href":"https:\/\/schuetzen-ahrem.de\/stjann\/wp-json\/wp\/v2\/pages\/1105\/revisions"}],"predecessor-version":[{"id":1167,"href":"https:\/\/schuetzen-ahrem.de\/stjann\/wp-json\/wp\/v2\/pages\/1105\/revisions\/1167"}],"up":[{"embeddable":true,"href":"https:\/\/schuetzen-ahrem.de\/stjann\/wp-json\/wp\/v2\/pages\/1119"}],"wp:attachment":[{"href":"https:\/\/schuetzen-ahrem.de\/stjann\/wp-json\/wp\/v2\/media?parent=1105"}],"curies":[{"name":"wp","href":"https:\/\/api.w.org\/{rel}","templated":true}]}}