{"id":1117,"date":"2023-04-14T22:18:45","date_gmt":"2023-04-14T20:18:45","guid":{"rendered":"https:\/\/schuetzen-ahrem.de\/stjann\/?page_id=1117"},"modified":"2023-07-26T21:39:31","modified_gmt":"2023-07-26T19:39:31","slug":"ehrenmitglieder","status":"publish","type":"page","link":"https:\/\/schuetzen-ahrem.de\/stjann\/ehre-wem-ehre-gebuehrt-1\/ehrenmitglieder\/","title":{"rendered":"Ehrenmitglieder"},"content":{"rendered":"\n<p>Einigen wenigen Freunden und sehr verdienten Sch\u00fctzenbr\u00fcdern haben wir die Ehrenmitgliedschaft in unserer Bruderschaft \u00fcbertragen. Sie alle haben sich in ganz besonderer Weise und vor allem durch langj\u00e4hrige, engagierte Arbeit in f\u00fchrender und verantwortungsvoller Position f\u00fcr unsere Ahremer Sch\u00fctzenbruderschaft eingesetzt und dauerhaft verdient gemacht.<br>Mit Freude haben Sie unser Angebot einer Ehrenmitgliedschaft angenommen und wir sind ganz besonders stolz sie in unseren Reihen zu wissen bzw. gehabt zu haben. Auf ihren Rat und Hilfe k\u00f6nnen bzw. konnten wir uns stets verlassen!<br>Ohne die Hilfe dieser Ehrenmitglieder w\u00e4re die St. Johannes Sch\u00fctzenbruderschaft Ahrem 1925 e.V. nicht so erfolgreich, wie wir heute sind. Daf\u00fcr an dieser Stelle Ihnen und euch allen unseren herzlichsten Dank!<\/p>\n\n\n\n<div class=\"wp-block-columns is-layout-flex wp-container-core-columns-is-layout-9d6595d7 wp-block-columns-is-layout-flex\">\n<div class=\"wp-block-column is-layout-flow wp-block-column-is-layout-flow\"><div class=\"wp-block-image is-style-rounded\">\n<figure class=\"aligncenter size-full is-resized\"><img fetchpriority=\"high\" decoding=\"async\" src=\"https:\/\/schuetzen-ahrem.de\/stjann\/wp-content\/uploads\/2023\/03\/foto_folgt-1.jpg\" alt=\"\" class=\"wp-image-905\" width=\"280\" height=\"385\" srcset=\"https:\/\/schuetzen-ahrem.de\/stjann\/wp-content\/uploads\/2023\/03\/foto_folgt-1.jpg 560w, https:\/\/schuetzen-ahrem.de\/stjann\/wp-content\/uploads\/2023\/03\/foto_folgt-1-218x300.jpg 218w, https:\/\/schuetzen-ahrem.de\/stjann\/wp-content\/uploads\/2023\/03\/foto_folgt-1-300x413.jpg 300w\" sizes=\"(max-width: 280px) 100vw, 280px\" \/><\/figure>\n<\/div>\n\n\n<h2 style=\"text-align: center;\"><strong>Heinrich Koll <\/strong><strong>\u2020<\/strong><strong><br><\/strong><em>Ehrenpr\u00e4sident<\/em><\/h2>\n<p style=\"text-align: center;\">Ernannt im Jahre 1987<\/p>\n<\/div>\n\n\n\n<div class=\"wp-block-column is-layout-flow wp-block-column-is-layout-flow\"><div class=\"wp-block-image is-style-rounded\">\n<figure class=\"aligncenter size-full is-resized\"><img fetchpriority=\"high\" decoding=\"async\" src=\"https:\/\/schuetzen-ahrem.de\/stjann\/wp-content\/uploads\/2023\/03\/foto_folgt-1.jpg\" alt=\"\" class=\"wp-image-905\" width=\"280\" height=\"385\" srcset=\"https:\/\/schuetzen-ahrem.de\/stjann\/wp-content\/uploads\/2023\/03\/foto_folgt-1.jpg 560w, https:\/\/schuetzen-ahrem.de\/stjann\/wp-content\/uploads\/2023\/03\/foto_folgt-1-218x300.jpg 218w, https:\/\/schuetzen-ahrem.de\/stjann\/wp-content\/uploads\/2023\/03\/foto_folgt-1-300x413.jpg 300w\" sizes=\"(max-width: 280px) 100vw, 280px\" \/><\/figure>\n<\/div>\n\n\n<h2 style=\"text-align: center;\"><strong>Gottfried M\u00fcnchrath<\/strong><strong>\u2020<br \/><\/strong><em>Ehrengesch\u00e4ftsf\u00fchrer<\/em><\/h2>\n<p style=\"text-align: center;\">Ernannt im Jahre 1987<\/p>\n<\/div>\n<\/div>\n\n\n\n<div class=\"wp-block-columns is-layout-flex wp-container-core-columns-is-layout-9d6595d7 wp-block-columns-is-layout-flex\">\n<div class=\"wp-block-column is-layout-flow wp-block-column-is-layout-flow\"><div class=\"wp-block-image is-style-rounded\">\n<figure class=\"aligncenter size-full is-resized\"><img fetchpriority=\"high\" decoding=\"async\" src=\"https:\/\/schuetzen-ahrem.de\/stjann\/wp-content\/uploads\/2023\/03\/foto_folgt-1.jpg\" alt=\"\" class=\"wp-image-905\" width=\"280\" height=\"385\" srcset=\"https:\/\/schuetzen-ahrem.de\/stjann\/wp-content\/uploads\/2023\/03\/foto_folgt-1.jpg 560w, https:\/\/schuetzen-ahrem.de\/stjann\/wp-content\/uploads\/2023\/03\/foto_folgt-1-218x300.jpg 218w, https:\/\/schuetzen-ahrem.de\/stjann\/wp-content\/uploads\/2023\/03\/foto_folgt-1-300x413.jpg 300w\" sizes=\"(max-width: 280px) 100vw, 280px\" \/><\/figure>\n<\/div>\n\n\n<h2 style=\"text-align: center;\"><strong>Pfarrer Paul Huhnen <\/strong><strong>\u2020<\/strong><strong><br><\/strong><em>Ehrenpr\u00e4ses<\/em><\/h2>\n<p style=\"text-align: center;\">Ernannt im Jahre 1991<\/p>\n<\/div>\n\n\n\n<div class=\"wp-block-column is-layout-flow wp-block-column-is-layout-flow\"><div class=\"wp-block-image is-style-rounded\">\n<figure class=\"aligncenter size-full is-resized\"><img fetchpriority=\"high\" decoding=\"async\" src=\"https:\/\/schuetzen-ahrem.de\/stjann\/wp-content\/uploads\/2023\/03\/foto_folgt-1.jpg\" alt=\"\" class=\"wp-image-905\" width=\"280\" height=\"385\" srcset=\"https:\/\/schuetzen-ahrem.de\/stjann\/wp-content\/uploads\/2023\/03\/foto_folgt-1.jpg 560w, https:\/\/schuetzen-ahrem.de\/stjann\/wp-content\/uploads\/2023\/03\/foto_folgt-1-218x300.jpg 218w, https:\/\/schuetzen-ahrem.de\/stjann\/wp-content\/uploads\/2023\/03\/foto_folgt-1-300x413.jpg 300w\" sizes=\"(max-width: 280px) 100vw, 280px\" \/><\/figure>\n<\/div>\n\n\n<h2 style=\"text-align: center;\"><strong>Johannes P\u00fctz <\/strong><strong>\u2020<\/strong><strong>&nbsp;<br><\/strong><em>Monsignore<\/em><\/h2>\n<p style=\"text-align: center;\">Ernannt im Jahre 1992<\/p>\n<\/div>\n<\/div>\n\n\n\n<div class=\"wp-block-columns is-layout-flex wp-container-core-columns-is-layout-9d6595d7 wp-block-columns-is-layout-flex\">\n<div class=\"wp-block-column is-layout-flow wp-block-column-is-layout-flow\"><div class=\"wp-block-image is-style-rounded\">\n<figure class=\"aligncenter size-full is-resized\"><img fetchpriority=\"high\" decoding=\"async\" src=\"https:\/\/schuetzen-ahrem.de\/stjann\/wp-content\/uploads\/2023\/03\/foto_folgt-1.jpg\" alt=\"\" class=\"wp-image-905\" width=\"280\" height=\"385\" srcset=\"https:\/\/schuetzen-ahrem.de\/stjann\/wp-content\/uploads\/2023\/03\/foto_folgt-1.jpg 560w, https:\/\/schuetzen-ahrem.de\/stjann\/wp-content\/uploads\/2023\/03\/foto_folgt-1-218x300.jpg 218w, https:\/\/schuetzen-ahrem.de\/stjann\/wp-content\/uploads\/2023\/03\/foto_folgt-1-300x413.jpg 300w\" sizes=\"(max-width: 280px) 100vw, 280px\" \/><\/figure>\n<\/div>\n\n\n<h2 style=\"text-align: center;\"><strong>Hugo Kirchharz<\/strong><strong><br><\/strong><em>Ehrenpr\u00e4sident<\/em><\/h2>\n<p style=\"text-align: center;\">Ernannt im Jahre 1996<\/p>\n<\/div>\n\n\n\n<div class=\"wp-block-column is-layout-flow wp-block-column-is-layout-flow\"><div class=\"wp-block-image is-style-rounded\">\n<figure class=\"aligncenter size-full is-resized\"><img fetchpriority=\"high\" decoding=\"async\" src=\"https:\/\/schuetzen-ahrem.de\/stjann\/wp-content\/uploads\/2023\/03\/foto_folgt-1.jpg\" alt=\"\" class=\"wp-image-905\" width=\"280\" height=\"385\" srcset=\"https:\/\/schuetzen-ahrem.de\/stjann\/wp-content\/uploads\/2023\/03\/foto_folgt-1.jpg 560w, https:\/\/schuetzen-ahrem.de\/stjann\/wp-content\/uploads\/2023\/03\/foto_folgt-1-218x300.jpg 218w, https:\/\/schuetzen-ahrem.de\/stjann\/wp-content\/uploads\/2023\/03\/foto_folgt-1-300x413.jpg 300w\" sizes=\"(max-width: 280px) 100vw, 280px\" \/><\/figure>\n<\/div>\n\n\n<h2 style=\"text-align: center;\"><strong>Theo Zilleken <\/strong><strong>\u2020<br><\/strong><em>Ehrenkommandant<\/em><\/h2>\n<p style=\"text-align: center;\">Ernannt im Jahre 1996<\/p>\n<\/div>\n<\/div>\n\n\n\n<div class=\"wp-block-columns is-layout-flex wp-container-core-columns-is-layout-9d6595d7 wp-block-columns-is-layout-flex\">\n<div class=\"wp-block-column is-layout-flow wp-block-column-is-layout-flow\"><div class=\"wp-block-image is-style-rounded\">\n<figure class=\"aligncenter size-full is-resized\"><img fetchpriority=\"high\" decoding=\"async\" src=\"https:\/\/schuetzen-ahrem.de\/stjann\/wp-content\/uploads\/2023\/03\/foto_folgt-1.jpg\" alt=\"\" class=\"wp-image-905\" width=\"280\" height=\"385\" srcset=\"https:\/\/schuetzen-ahrem.de\/stjann\/wp-content\/uploads\/2023\/03\/foto_folgt-1.jpg 560w, https:\/\/schuetzen-ahrem.de\/stjann\/wp-content\/uploads\/2023\/03\/foto_folgt-1-218x300.jpg 218w, https:\/\/schuetzen-ahrem.de\/stjann\/wp-content\/uploads\/2023\/03\/foto_folgt-1-300x413.jpg 300w\" sizes=\"(max-width: 280px) 100vw, 280px\" \/><\/figure>\n<\/div>\n\n\n<h2 style=\"text-align: center;\"><strong>Peter Linnartz <\/strong><strong>\u2020<br><\/strong><em>Ehrenkommandant<\/em><\/h2>\n<p style=\"text-align: center;\">Ernannt im Jahre 2009<\/p>\n<\/div>\n\n\n\n<div class=\"wp-block-column is-layout-flow wp-block-column-is-layout-flow\"><div class=\"wp-block-image is-style-rounded\">\n<figure class=\"aligncenter size-full is-resized\"><img decoding=\"async\" src=\"https:\/\/schuetzen-ahrem.de\/stjann\/wp-content\/uploads\/2023\/03\/hoffsuemmer_josef.jpg\" alt=\"\" class=\"wp-image-899\" width=\"280\" height=\"385\" srcset=\"https:\/\/schuetzen-ahrem.de\/stjann\/wp-content\/uploads\/2023\/03\/hoffsuemmer_josef.jpg 560w, https:\/\/schuetzen-ahrem.de\/stjann\/wp-content\/uploads\/2023\/03\/hoffsuemmer_josef-218x300.jpg 218w, https:\/\/schuetzen-ahrem.de\/stjann\/wp-content\/uploads\/2023\/03\/hoffsuemmer_josef-300x413.jpg 300w\" sizes=\"(max-width: 280px) 100vw, 280px\" \/><\/figure>\n<\/div>\n\n\n<h2 style=\"text-align: center;\"><strong>Josef Hoffs\u00fcmmer<\/strong><strong><br><\/strong><em>Ehrenkommandant<\/em><\/h2>\n<p style=\"text-align: center;\">Ernannt im Jahre 2017<\/p>\n<\/div>\n<\/div>\n\n\n\n<div class=\"wp-block-columns is-layout-flex wp-container-core-columns-is-layout-9d6595d7 wp-block-columns-is-layout-flex\">\n<div class=\"wp-block-column is-layout-flow wp-block-column-is-layout-flow\"><div class=\"wp-block-image is-style-rounded\">\n<figure class=\"aligncenter size-full is-resized\"><img fetchpriority=\"high\" decoding=\"async\" src=\"https:\/\/schuetzen-ahrem.de\/stjann\/wp-content\/uploads\/2023\/03\/foto_folgt-1.jpg\" alt=\"\" class=\"wp-image-905\" width=\"280\" height=\"385\" srcset=\"https:\/\/schuetzen-ahrem.de\/stjann\/wp-content\/uploads\/2023\/03\/foto_folgt-1.jpg 560w, https:\/\/schuetzen-ahrem.de\/stjann\/wp-content\/uploads\/2023\/03\/foto_folgt-1-218x300.jpg 218w, https:\/\/schuetzen-ahrem.de\/stjann\/wp-content\/uploads\/2023\/03\/foto_folgt-1-300x413.jpg 300w\" sizes=\"(max-width: 280px) 100vw, 280px\" \/><\/figure>\n<\/div>\n\n\n<h2 style=\"text-align: center;\"><strong>Katharina Kayser<br><\/strong><em>Ehrengesch\u00e4ftsf\u00fchrerin<\/em><\/h2>\n<p style=\"text-align: center;\">Ernannt im Jahre 2017<\/p>\n<\/div>\n\n\n\n<div class=\"wp-block-column is-layout-flow wp-block-column-is-layout-flow\"><\/div>\n<\/div>\n","protected":false},"excerpt":{"rendered":"<p>Einigen wenigen Freunden und sehr verdienten Sch\u00fctzenbr\u00fcdern haben wir die Ehrenmitgliedschaft in unserer Bruderschaft \u00fcbertragen. Sie alle haben sich in ganz besonderer Weise und vor allem durch langj\u00e4hrige, engagierte Arbeit&#8230;<\/p>\n","protected":false},"author":1,"featured_media":0,"parent":1119,"menu_order":0,"comment_status":"closed","ping_status":"closed","template":"","meta":{"pgc_sgb_lightbox_settings":"","footnotes":""},"class_list":["post-1117","page","type-page","status-publish","hentry"],"_links":{"self":[{"href":"https:\/\/schuetzen-ahrem.de\/stjann\/wp-json\/wp\/v2\/pages\/1117","targetHints":{"allow":["GET"]}}],"collection":[{"href":"https:\/\/schuetzen-ahrem.de\/stjann\/wp-json\/wp\/v2\/pages"}],"about":[{"href":"https:\/\/schuetzen-ahrem.de\/stjann\/wp-json\/wp\/v2\/types\/page"}],"author":[{"embeddable":true,"href":"https:\/\/schuetzen-ahrem.de\/stjann\/wp-json\/wp\/v2\/users\/1"}],"replies":[{"embeddable":true,"href":"https:\/\/schuetzen-ahrem.de\/stjann\/wp-json\/wp\/v2\/comments?post=1117"}],"version-history":[{"count":7,"href":"https:\/\/schuetzen-ahrem.de\/stjann\/wp-json\/wp\/v2\/pages\/1117\/revisions"}],"predecessor-version":[{"id":2382,"href":"https:\/\/schuetzen-ahrem.de\/stjann\/wp-json\/wp\/v2\/pages\/1117\/revisions\/2382"}],"up":[{"embeddable":true,"href":"https:\/\/schuetzen-ahrem.de\/stjann\/wp-json\/wp\/v2\/pages\/1119"}],"wp:attachment":[{"href":"https:\/\/schuetzen-ahrem.de\/stjann\/wp-json\/wp\/v2\/media?parent=1117"}],"curies":[{"name":"wp","href":"https:\/\/api.w.org\/{rel}","templated":true}]}}