{"id":15,"date":"2023-02-06T19:11:46","date_gmt":"2023-02-06T18:11:46","guid":{"rendered":"https:\/\/schuetzen-ahrem.de\/stjann\/?page_id=15"},"modified":"2023-04-07T19:24:59","modified_gmt":"2023-04-07T17:24:59","slug":"schutzpatron","status":"publish","type":"page","link":"https:\/\/schuetzen-ahrem.de\/stjann\/bruderschaft\/schutzpatron\/","title":{"rendered":"Schutzpatron"},"content":{"rendered":"\n<h2 class=\"wp-block-heading\" id=\"seite_schutzpatron\">Sankt Johannes der T\u00e4ufer<\/h2>\n\n\n\n<p>Wer ist der Schutzpatron unserer Bruderschaft? Der Bu\u00dfprediger vom Jordan, ein leiblicher Vetter Jesu und als sein Vorl\u00e4ufer bezeichnet, genannt Johannes der T\u00e4ufer, ist \u2013 neben der Gottesmutter Maria \u2013 der einzige Heilige, dessen Geburtstag die Kirche neben dem sonst \u00fcblicherweise gefeierten Todestag begeht.<\/p>\n\n\n\n<p>Jesus sagte einmal von Johannes dem T\u00e4ufer: &#8222;Unter den von einer Frau Geborenen ist kein gr\u00f6\u00dferer aufgestanden als Johannes der T\u00e4ufer.&#8220; Auf diesem Wort Christi beruhte auch die starke Verehrung, die schon bald nach dem Tod dieses besonderen Propheten einsetzte.<\/p>\n\n\n\n<p>Am 24. Juni feiert die Kirche den Geburtstag von Johannes dem T\u00e4ufer &#8211; genau sechs Monate vor der Heiligen Nacht, dem 24. Dezember, der Geburts-Nacht von Jesus Christus. Die eine Geburtstagsfeier verbindet sich mit der Sommersonnenwende, die andere mit der Wintersonnenwende. Daher wird auch im Zusammenhang mit dem 24. Juni vielerorts von der \u201cSommerweihnacht\u201c gesprochen. Die Johannisnacht am 24. Juni gilt als die k\u00fcrzeste Nacht des Jahres: An keinem Tag des Jahres leuchtet die Sommersonne l\u00e4nger.<\/p>\n\n\n\n<p>Johannes d. T. kam etwa ein halbes Jahr vor Christus zur Welt. Die Eltern Elisabeth und Zacharias waren bereits betagt, als der Erzengel Gabriel dem Priester im Tempel erschienen ist mit der Botschaft der Geburt eines Sohnes.<\/p>\n\n\n\n<p>Als Johannes knapp 30 Jahre alt war, zog er in die W\u00fcste, nach Jerusalem und an den Jordan und verk\u00fcndete \u00fcberall das Kommen des Erl\u00f6sers. Er predigte voller Leidenschaft und taufte die B\u00fc\u00dfer. Dann erschien Jesus selbst am Jordan und lie\u00df sich von Johannes taufen.<\/p>\n\n\n\n<p>Johannes d. T. wirkte in seiner Zeit als ein Zeuge f\u00fcr die Wahrheit. Es war keine leichte Zeit damals. Politische Unruhen, Intrigen, handfeste und blutige Konflikte hinderten ein b\u00fcrgerlich sicheres Leben. Daneben sorgte eine schleichende Gottlosigkeit f\u00fcr die Demoralisierung der Gewissen vieler. Johannes aber passte sich nicht dem Trend der Zeit an. Mutig bekannte er sich bis in Regierungskreise hinein zu den Geboten des Herrn.<\/p>\n\n\n\n<p>Johannes d. T. wirkte in seiner Zeit als ein Zeuge f\u00fcr die Wahrheit. Es war keine leichte Zeit damals. Politische Unruhen, Intrigen, handfeste und blutige Konflikte hinderten ein b\u00fcrgerlich sicheres Leben. Daneben sorgte eine schleichende Gottlosigkeit f\u00fcr die Demoralisierung der Gewissen vieler. Johannes aber passte sich nicht dem Trend der Zeit an. Mutig bekannte er sich bis in Regierungskreise hinein zu den Geboten des Herrn.<\/p>\n\n\n\n<p>In der st\u00e4ndig wachsenden Popularit\u00e4t von Johannes sah der herrschs\u00fcchtige, grausame K\u00f6nig Herodes Antipas bald eine Gefahr f\u00fcr sich und seinen Thron. Als Johannes dann auch noch \u00f6ffentlich verurteilte, dass der K\u00f6nig seine erste Ehefrau verlassen und die Frau seines Bruders geheiratet hatte, nahm das Ungl\u00fcck seinen Anfang. Herodias, die in ihrer Eitelkeit gekr\u00e4nkte zweite Gemahlin von Herodes, hetzte den K\u00f6nig immer mehr auf und forderte sogar die Hinrichtung des T\u00e4ufers. Herodes aber scheute sich, da er die Wut des Volkes f\u00fcrchtete. Da griff Herodias zu einer List: Als sich ihre Tochter Salome vom Vater etwas w\u00fcnschen durfte, intrigierte die K\u00f6nigin so lange, bis das M\u00e4dchen den Kopf von Johannes forderte. Dies war das Signal f\u00fcr Herodes: Er ordnete die \u00f6ffentliche Enthauptung von Johannes dem T\u00e4ufer an. Nach der Hinrichtung \u00fcberbrachte Salome ihrer Mutter Herodias den abgeschlagenen Kopf des M\u00e4rtyrers auf einer Schale.<\/p>\n\n\n\n<p>Der Leichnam wurde in Samaria beigesetzt. Im 4. Jahrhundert wurde \u00fcber der Grabst\u00e4tte eine Kirche errichtet.<\/p>\n\n\n\n<p>Schon seit Jahrhunderten ist der Johannestag, der 24. Juni, ein wichtiger Festtag im Kalender, umwoben mit reichem Brauchtum. Das Leben und Wirken von Johannes dem T\u00e4ufer haben zu allen Zeiten viele K\u00fcnstler inspiriert. Dargestellt wird Johannes d. T. meist in Felle geh\u00fcllt, mit Lamm, Taufschale, und Kreuzstab, bei der Predigt und bei der Taufe Jesu.<\/p>\n\n\n\n<p>In der Ahremer Pfarrkirche steht auf einer Empore eine 120 cm gro\u00dfe, geschnitzte Holzfigur des Hl. Johannes d. T. &#8211; gestiftet von der Sch\u00fctzenbruderschaft im Jahre 1962.<\/p>\n\n\n\n<p>Dar\u00fcber hinaus stellen die drei Chorraumfenster in der Pfarrkirche das Leben und Wirken von Johannes d. T. dar, u.a. wie er Jesus in den Fluten des Jordans tauft.<\/p>\n\n\n\n<p>Auch wenn wir in der Sch\u00fctzenbruderschaft nicht h\u00e4ufig von Johannes reden, so ist er doch als Patron unserer Bruderschaft allgegenw\u00e4rtig. Alle Sch\u00fctzen tragen das Bildnis des Hl. Johannes d. T. auf dem Vereinswappen, das auf dem linken \u00c4rmel genau in der Mitte des Oberarms der Sch\u00fctzenjacke angebracht ist. Daneben bekennen wir uns selbstverst\u00e4ndlich auf unseren Bruderschaftsfahnen (Fotos) nach au\u00dfen weit hin sichtbar zu unserem Schutzpatron und den Leitmotiven unserer Bruderschaft.<\/p>\n\n\n\n<p>Die Sch\u00fctzenbruderschaft St. Johannes Ahrem 1925 e.V. genie\u00dft seinen Schutz und verpflichtet sich wie er in Treue und mit festem Charakter zu ihren Idealen zu stehen. Es ist eine Freude und Ehre, Johannes den T\u00e4ufer als Schutzpatron zu haben.<\/p>\n\n\n\n<p>Unsere Sch\u00fctzenbruderschaft ist zur Erf\u00fcllung ihrer religi\u00f6sen Aufgaben der katholischen Kirchengemeinde Sankt Johannes der T\u00e4ufer in Ahrem angeschlossen. Unsere enge Verbundenheit mit der Kirche ist eine ehrenvolle Aufgabe f\u00fcr die Bruderschaft.<\/p>\n","protected":false},"excerpt":{"rendered":"<p>Sankt Johannes der T\u00e4ufer Wer ist der Schutzpatron unserer Bruderschaft? Der Bu\u00dfprediger vom Jordan, ein leiblicher Vetter Jesu und als sein Vorl\u00e4ufer bezeichnet, genannt Johannes der T\u00e4ufer, ist \u2013 neben&#8230;<\/p>\n","protected":false},"author":1,"featured_media":0,"parent":7,"menu_order":0,"comment_status":"closed","ping_status":"closed","template":"","meta":{"pgc_sgb_lightbox_settings":"","footnotes":""},"class_list":["post-15","page","type-page","status-publish","hentry"],"_links":{"self":[{"href":"https:\/\/schuetzen-ahrem.de\/stjann\/wp-json\/wp\/v2\/pages\/15","targetHints":{"allow":["GET"]}}],"collection":[{"href":"https:\/\/schuetzen-ahrem.de\/stjann\/wp-json\/wp\/v2\/pages"}],"about":[{"href":"https:\/\/schuetzen-ahrem.de\/stjann\/wp-json\/wp\/v2\/types\/page"}],"author":[{"embeddable":true,"href":"https:\/\/schuetzen-ahrem.de\/stjann\/wp-json\/wp\/v2\/users\/1"}],"replies":[{"embeddable":true,"href":"https:\/\/schuetzen-ahrem.de\/stjann\/wp-json\/wp\/v2\/comments?post=15"}],"version-history":[{"count":4,"href":"https:\/\/schuetzen-ahrem.de\/stjann\/wp-json\/wp\/v2\/pages\/15\/revisions"}],"predecessor-version":[{"id":940,"href":"https:\/\/schuetzen-ahrem.de\/stjann\/wp-json\/wp\/v2\/pages\/15\/revisions\/940"}],"up":[{"embeddable":true,"href":"https:\/\/schuetzen-ahrem.de\/stjann\/wp-json\/wp\/v2\/pages\/7"}],"wp:attachment":[{"href":"https:\/\/schuetzen-ahrem.de\/stjann\/wp-json\/wp\/v2\/media?parent=15"}],"curies":[{"name":"wp","href":"https:\/\/api.w.org\/{rel}","templated":true}]}}