{"id":17,"date":"2023-02-06T19:13:22","date_gmt":"2023-02-06T18:13:22","guid":{"rendered":"https:\/\/schuetzen-ahrem.de\/stjann\/?page_id=17"},"modified":"2023-02-06T19:14:47","modified_gmt":"2023-02-06T18:14:47","slug":"uniform","status":"publish","type":"page","link":"https:\/\/schuetzen-ahrem.de\/stjann\/bruderschaft\/uniform\/","title":{"rendered":"Uniform"},"content":{"rendered":"\n<h2 class=\"wp-block-heading\">Die Uniform der Ahremer Sch\u00fctzen<\/h2>\n\n\n\n<p>Zu den verschiedenen Festen im Jahr pr\u00e4sentiert sich unsere St. Johannes Sch\u00fctzenbruderschaft Ahrem 1925 e.V. der \u00d6ffentlichkeit beim Marsch durch das Dorf und dar\u00fcber hinaus bei den ausw\u00e4rtigen Festumz\u00fcgen der befreundeten Bruderschaften im Bezirksverband Erftstadt.<\/p>\n\n\n\n<p>Dabei wird stets eine einheitliche Sch\u00fctzenuniform getragen, welche Gemeinschaftlichkeit und Zusammenhalt symbolisiert. Die deutliche Botschaft: <strong>Nur zusammen sind wir stark!<\/strong><\/p>\n\n\n\n<p>Das Tragen der Sch\u00fctzenuniform ist an allen f\u00fcr offiziell erkl\u00e4rten Veranstaltungen Pflicht. Und weil Sie so unverzichtbar ist, muss sie an dieser Stelle auch vorgestellt werden! Nicht zuletzt auch aus dem Grunde, weil gerade am Tragen und der Gestaltung des Sch\u00fctzenrockes so viele Emotionen fest gemacht werden. Die Uniform der Ahremer Sch\u00fctzen hat sich im Laufe der Jahrzehnte immer wieder leicht ver\u00e4ndert und in ihrer heutigen Form gibt es sie erst seit ca. 1980.<\/p>\n\n\n\n<p>Jeder Uniformtr\u00e4ger ist Aush\u00e4ngeschild der Bruderschaft und hat sich dieser Verpflichtung entsprechend w\u00fcrdig zu verhalten. Es ist selbstverst\u00e4ndlich, dass jeder Sch\u00fctze auf eine ordentliche und ordnungsgem\u00e4\u00dfe Uniform h\u00f6chsten Wert zu legen hat.<\/p>\n\n\n\n<p>Die folgenden Kleidungsst\u00fccke geh\u00f6ren zu einer vollst\u00e4ndigen Sch\u00fctzenuniform eines aktiven Ahremer Sch\u00fctzen:<\/p>\n\n\n\n<ul class=\"wp-block-list\">\n<li>hellgr\u00fcner Ahremer Sch\u00fctzenrock mit dunkelgr\u00fcn abgesetztem Kragen und etwa 15 cm breiten \u00c4rmelstulpen sowie 2 Pattentaschen. Der zweireihige Rock ist mit 6 Hirschhornkn\u00f6pfen verziert.<\/li>\n\n\n\n<li>2 goldene Eichenlaub-St\u00fccke am Reviers<\/li>\n\n\n\n<li>wei\u00dfes Oberhemd \/ Bluse<\/li>\n\n\n\n<li>dunkelgr\u00fcne Krawatte<\/li>\n\n\n\n<li>wei\u00dfe Hose \/ Rock zu allen Festz\u00fcgen sonntags<\/li>\n\n\n\n<li>ansonsten immer schwarze Hose \/ Rock (au\u00dfer sonntags)<\/li>\n\n\n\n<li>schwarze Schuhe<\/li>\n\n\n\n<li>hellgr\u00fcner Sch\u00fctzenhut mit dunkelgr\u00fcnem Band und Gamsbart<\/li>\n<\/ul>\n\n\n\n<p>Der gr\u00fcne Sch\u00fctzenrock der einzelnen Sch\u00fctzen kann mit allen oder auch nur mit einem Teil der folgenden Merkmale ausgestattet sein:<\/p>\n\n\n\n<ul class=\"wp-block-list\">\n<li>Vereinsemblem auf dem linken \u00c4rmel<\/li>\n\n\n\n<li>Schulterst\u00fccke gr\u00fcn<\/li>\n\n\n\n<li>Orden f\u00fcr Mitgliedschaft im Verein (Orden 25\/40\/50 Jahre, jeweils nur einen Orden, nicht alle)<\/li>\n\n\n\n<li>Verliehene Orden des Vereins (besondere Auszeichnungen, K\u00f6nigsorden)<\/li>\n<\/ul>\n\n\n\n<p>F\u00fcr unsere Sch\u00fctzenjugend gilt prinzipiell die gleiche Kleiderordnung. Sie brauchen allerdings keinen Sch\u00fctzenrock und \u2013hut zu tragen. Zur Uniform eines aktiven Sch\u00fcler- und Jungsch\u00fctzen geh\u00f6ren:<\/p>\n\n\n\n<ul class=\"wp-block-list\">\n<li>ein wei\u00dfes Oberhemd \/ Bluse<\/li>\n\n\n\n<li>eine dunkelgr\u00fcne Krawatte<\/li>\n\n\n\n<li>eine wei\u00dfe Hose \/ Rock zu allen Festz\u00fcgen sonntags<\/li>\n\n\n\n<li>ansonsten immer schwarze Hose \/ Rock (au\u00dfer sonntags)<\/li>\n\n\n\n<li>schwarze Schuhe<\/li>\n\n\n\n<li>eine gr\u00fcne H\u00fcftsch\u00e4rpe<\/li>\n\n\n\n<li>Orden und Abzeichen sind auf der H\u00fcftsch\u00e4rpe anzubringen<\/li>\n<\/ul>\n\n\n\n<p>Als Ansprechpartner f\u00fcr die Bekleidungsfragen steht Ihnen unser Pr\u00e4sident Hans-Peter Zilleken gerne zu Verf\u00fcgung.<\/p>\n","protected":false},"excerpt":{"rendered":"<p>Die Uniform der Ahremer Sch\u00fctzen Zu den verschiedenen Festen im Jahr pr\u00e4sentiert sich unsere St. Johannes Sch\u00fctzenbruderschaft Ahrem 1925 e.V. der \u00d6ffentlichkeit beim Marsch durch das Dorf und dar\u00fcber hinaus&#8230;<\/p>\n","protected":false},"author":1,"featured_media":0,"parent":7,"menu_order":0,"comment_status":"closed","ping_status":"closed","template":"","meta":{"pgc_sgb_lightbox_settings":"","footnotes":""},"class_list":["post-17","page","type-page","status-publish","hentry"],"_links":{"self":[{"href":"https:\/\/schuetzen-ahrem.de\/stjann\/wp-json\/wp\/v2\/pages\/17","targetHints":{"allow":["GET"]}}],"collection":[{"href":"https:\/\/schuetzen-ahrem.de\/stjann\/wp-json\/wp\/v2\/pages"}],"about":[{"href":"https:\/\/schuetzen-ahrem.de\/stjann\/wp-json\/wp\/v2\/types\/page"}],"author":[{"embeddable":true,"href":"https:\/\/schuetzen-ahrem.de\/stjann\/wp-json\/wp\/v2\/users\/1"}],"replies":[{"embeddable":true,"href":"https:\/\/schuetzen-ahrem.de\/stjann\/wp-json\/wp\/v2\/comments?post=17"}],"version-history":[{"count":1,"href":"https:\/\/schuetzen-ahrem.de\/stjann\/wp-json\/wp\/v2\/pages\/17\/revisions"}],"predecessor-version":[{"id":18,"href":"https:\/\/schuetzen-ahrem.de\/stjann\/wp-json\/wp\/v2\/pages\/17\/revisions\/18"}],"up":[{"embeddable":true,"href":"https:\/\/schuetzen-ahrem.de\/stjann\/wp-json\/wp\/v2\/pages\/7"}],"wp:attachment":[{"href":"https:\/\/schuetzen-ahrem.de\/stjann\/wp-json\/wp\/v2\/media?parent=17"}],"curies":[{"name":"wp","href":"https:\/\/api.w.org\/{rel}","templated":true}]}}