{"id":19,"date":"2023-02-06T19:16:55","date_gmt":"2023-02-06T18:16:55","guid":{"rendered":"https:\/\/schuetzen-ahrem.de\/stjann\/?page_id=19"},"modified":"2026-01-27T22:04:06","modified_gmt":"2026-01-27T21:04:06","slug":"vereinsgeschichte","status":"publish","type":"page","link":"https:\/\/schuetzen-ahrem.de\/stjann\/bruderschaft\/vereinsgeschichte\/","title":{"rendered":"Vereinsgeschichte"},"content":{"rendered":"\n<h2 class=\"wp-block-heading\"><\/h2>\n\n\n\n<p><strong>2026<\/strong><\/p>\n\n\n\n<ul class=\"wp-block-list\">\n<li>Stephan Fuchs wird siebter Pr\u00e4sident der Bruderschaft<\/li>\n\n\n\n<li>Hans-Peter Zilleken wird zum Ehrenpr\u00e4sidenten ernannt<\/li>\n<\/ul>\n\n\n\n<p><strong>2025<\/strong><\/p>\n\n\n\n<ul class=\"wp-block-list\">\n<li>100-j\u00e4hriges Jubelfest<\/li>\n\n\n\n<li>Henrik Jan\u00dfen wird bei der Sportlerehrung &#8222;Die Besten aus Erftstadt der Jahre 2023-2024&#8220; vom Stadtsportverband Erftstadt f\u00fcr seine Leistungen um den Sport die Ehrenmedaille in Gold verliehen<\/li>\n\n\n\n<li>Im Jubil\u00e4umsjahr nehmen nach einigen Jahren der Nichtteilnahme die Sch\u00fclersch\u00fctzen &#8222;Die P\u00e4nz von St. Jann&#8220; wieder am Ahremer Karnevalszug teil<\/li>\n\n\n\n<li>Bezirkssch\u00fctzenfest findet zum 6. Mal in Ahrem statt<\/li>\n\n\n\n<li>Am Sch\u00fctzenfestsonntag wird ein Fahnenhochwurfwettbewerb ausgetragen, an der mehrere ausw\u00e4rtige Gruppen teilgenommen haben, u.a. eine Fahnenschwenker-gruppe aus D\u00fcsseldorf-Lohausen<\/li>\n\n\n\n<li>Die Bruderschaft richtet das Bezirksk\u00f6nigsschie\u00dfen aus<\/li>\n\n\n\n<li>Henrik Jan\u00dfen hat sich in der Disziplin &#8222;10 m Luftpistole Junioren II&#8220; erneut f\u00fcr die Deutsche Meisterschaft in M\u00fcnchen qualifiziert<\/li>\n<\/ul>\n\n\n\n<p><strong>2024<\/strong><\/p>\n\n\n\n<ul class=\"wp-block-list\">\n<li>Sch\u00fctzenk\u00f6nigin Britta Jan\u00dfen wird Bezirkssch\u00fctzenk\u00f6nigin<\/li>\n\n\n\n<li>Christian Fuchs wird Bezirksfahnenschwenkermeister<\/li>\n\n\n\n<li>Henrik Jan\u00dfen wird Landesverbandsmeister beim RSB in der Disziplin &#8222;10 m Luftpistole Jugend m&#8220; und qualifiziert sich f\u00fcr die Deutsche Meisterschaft in M\u00fcnchen<\/li>\n\n\n\n<li>Sch\u00fclerk\u00f6nig Henrik Jan\u00dfen wird Bezirkssch\u00fclerprinz<\/li>\n\n\n\n<li>Die Bruderschaft richtet das Bezirksprinzenschie\u00dfen aus<\/li>\n\n\n\n<li>Auf der Freifl\u00e4che hinter dem Sch\u00fctzenhaussaal wird eine Terrasse erstellt<\/li>\n<\/ul>\n\n\n\n<p><strong>2023<\/strong><\/p>\n\n\n\n<ul class=\"wp-block-list\">\n<li>Carolin Konzack wird Bezirksgesch\u00e4ftsf\u00fchrerin<\/li>\n\n\n\n<li>Im Januar findet erstmals ein Frauenstammtisch statt, der zuk\u00fcnftig monatlich fortgef\u00fchrt wird <\/li>\n\n\n\n<li>Internetpr\u00e4senz www.schuetzen-ahrem.de geht in neuem Design online<\/li>\n\n\n\n<li>Seit Mai haben wir einen Partner \u00fcber den der Vereinsshop l\u00e4uft<\/li>\n\n\n\n<li>Karsten Simon wird zum 2.Mal nach 2017 Sch\u00fctzenk\u00f6nig<\/li>\n\n\n\n<li>Karsten Simon wird neuer Kreisk\u00f6nig im RSB<\/li>\n\n\n\n<li>Henrik Jan\u00dfen wird neuer Kreisjugendk\u00f6nig im RSB<\/li>\n\n\n\n<li>Beim Fastelovendsjed\u00f6ns tritt erstmals die Kinder- und Jugendtanzgruppe &#8222;Die P\u00e4nz von St. Jann&#8220; auf<\/li>\n<\/ul>\n\n\n\n<p><strong>2022<\/strong><\/p>\n\n\n\n<ul class=\"wp-block-list\">\n<li>Das Ostereierschie\u00dfen im M\u00e4rz ist die erste Veranstaltung, die nach der Coronapandemie ohne Auflagen durchgef\u00fchrt werden kann<\/li>\n\n\n\n<li>Der Zeltausschank beim Sch\u00fctzenfest wird erstmalig in Eigenregie ohne Zeltwirt durchgef\u00fchrt<\/li>\n\n\n\n<li>Die Bruderschaft kann mit Stolz behaupten, mitgliederm\u00e4\u00dfig gest\u00e4rkt aus der Coronapandemie zu kommen <\/li>\n\n\n\n<li>Am 15. Juli wird unter Mitwirkung der Dorfvereine auf dem Dorfplatz ein Erinnerungsfest zur Flutkatastrophe durchgef\u00fchrt. Hierbei wird der erneuerte Dorfplatz und ein Denkmal zur Erinnerung an die Flutkatastrophe, das von unserem Jungsch\u00fctzenmeister Dirk Filz entworfen wurde, feierlich eingeweiht.<\/li>\n<\/ul>\n\n\n\n<p><strong>2021<\/strong><\/p>\n\n\n\n<ul class=\"wp-block-list\">\n<li>Am Sch\u00fctzenfestsamstag wird nach der Messe und Kranzniederlegung unter Einhaltung der Coronaschutzma\u00dfnahmen f\u00fcr die Mitglieder ein gem\u00fctlicher Abend am Sch\u00fctzenhaus durchgef\u00fchrt<\/li>\n\n\n\n<li>Am Sch\u00fctzenfestsonntag wird gespendeter Kuchen verkauft <\/li>\n\n\n\n<li>Die gro\u00dfe Flutkatastrophe im Juli betrifft weite Teile der Ortschaft. Die Hilfsbereitschaft und der Zusammenhalt ist riesengro\u00df. Wie durch ein Wunder bleibt das Sch\u00fctzenhaus unversehrt.<\/li>\n<\/ul>\n\n\n\n<p><strong>2020<\/strong><\/p>\n\n\n\n<ul class=\"wp-block-list\">\n<li>Nach Karneval wird mit der Renovierung und Umgestaltung des Veranstaltungssaales begonnen. Die Arbeiten ziehen sich bis in das Fr\u00fchjahr 2021<\/li>\n\n\n\n<li>Im M\u00e4rz werden die ersten gesetzlichen Beschr\u00e4nkungen im Zuge der Coronapandemie eingef\u00fchrt. S\u00e4mtliche Veranstaltungen m\u00fcssen abgesagt werden. Das Vereinsleben wird praktisch au\u00dfer Kraft gesetzt. Diese Ma\u00dfnahmen werden sich bis ins Fr\u00fchjahr 2022 durchziehen.<\/li>\n\n\n\n<li>Mit den F\u00f6rdergeldern &#8222;Moderne Sportst\u00e4tten 2022&#8220; vom Landessportbund ist es m\u00f6glich, eine digitale Schiessanlage zu errichten und gleichzeitig den Luftgewehrstand zu renovieren.<\/li>\n\n\n\n<li>Marco Manheller wird Bezirksschie\u00dfmeister<\/li>\n\n\n\n<li>Am Sch\u00fctzenfestsonntag wird unter Einhaltung der Coronaschutzma\u00dfnahmen eine Kranzniederlegung durchgef\u00fchrt<\/li>\n<\/ul>\n\n\n\n<p><strong>2019<\/strong><\/p>\n\n\n\n<ul class=\"wp-block-list\">\n<li>F\u00fcr die Au\u00dfenanlage wird von der Jugendabteilung ein Grillplatz geplant und in Eigenregie erstellt<\/li>\n<\/ul>\n\n\n\n<p><strong>2017<\/strong><\/p>\n\n\n\n<ul class=\"wp-block-list\">\n<li>Katharina Kayser wird zur Ehrengesch\u00e4ftsf\u00fchrerin ernannt<\/li>\n\n\n\n<li>Josef Hoffs\u00fcmmer wird zum Ehrenkommandanten ernannt<\/li>\n\n\n\n<li>Marco Manheller wird stellv. Bezirksschie\u00dfmeister<\/li>\n\n\n\n<li>Judith Krebs wird neue Kreisjugendk\u00f6nigin des RSB, wir erringen diesen Titel zum 5. Mal in Folge<\/li>\n\n\n\n<li>Die Damentoilette des Sch\u00fctzenhauses wird umgestaltet und renoviert<\/li>\n\n\n\n<li>Erstmalig nimmt eine Fu\u00dfgruppe von Sch\u00fclersch\u00fctzen beim Ahremer Karnevalszug teil; dies wird in den Folgejahren fortgesetzt<\/li>\n\n\n\n<li>Bezirkssch\u00fctzenfest findet zum 5. Mal in Ahrem statt<\/li>\n<\/ul>\n\n\n\n<p><strong>2016<\/strong><\/p>\n\n\n\n<ul class=\"wp-block-list\">\n<li>Andreas Jung wird neuer Kreisjugendk\u00f6nig des RSB; das bedeutet, dass zum 4.Mal in Folge dieser Titel nach Ahrem geht<\/li>\n<\/ul>\n\n\n\n<p><strong>2015<\/strong><\/p>\n\n\n\n<ul class=\"wp-block-list\">\n<li>Ludwig Eid wird zum 3.Mal nach 1995 und 2003 Sch\u00fctzenk\u00f6nig und somit 1. Kaiser der Bruderschaft<\/li>\n\n\n\n<li>Nils Vogel wird neuer Kreisjugendk\u00f6nig des RSB und l\u00f6st seine Schwester Vera ab<\/li>\n<\/ul>\n\n\n\n<p><strong>2014<\/strong><\/p>\n\n\n\n<ul class=\"wp-block-list\">\n<li>Internetpr\u00e4senz www.schuetzen-ahrem.de geht in neuem Design online<\/li>\n\n\n\n<li>Die Sch\u00fctzen bekommen ihre eigene APP<\/li>\n\n\n\n<li>Die Bruderschaft richtet das Bezirksprinzenschie\u00dfen aus<\/li>\n\n\n\n<li>Die K\u00fcche des Sch\u00fctzenhauses wird vollst\u00e4ndig umgestaltet und renoviert<\/li>\n\n\n\n<li>Stephan Fuchs wird neuer Kreisk\u00f6nig im RSB<\/li>\n\n\n\n<li>Vera Vogel wird neue Kreisjugendk\u00f6nigin des RSB<\/li>\n<\/ul>\n\n\n\n<p><strong>2013<\/strong><\/p>\n\n\n\n<ul class=\"wp-block-list\">\n<li>Jungsch\u00fctzenk\u00f6nig Karsten Simon wird Bezirksprinz<\/li>\n\n\n\n<li>Georg Schwarz wird Bezirksfahnenschwenkermeister<\/li>\n\n\n\n<li>Karsten Simon wird Beisitzer im Bezirksjungsch\u00fctzenvorstand<\/li>\n\n\n\n<li>Jungsch\u00fctzenk\u00f6nigin Kathrin Jung wird neue Kreisjugendk\u00f6nigin des RSB<\/li>\n\n\n\n<li>Anschaffung zweier Laser-Biathlonanlagen<\/li>\n<\/ul>\n\n\n\n<p><strong>2012<\/strong><\/p>\n\n\n\n<ul class=\"wp-block-list\">\n<li>Karsten Simon wird zum 2. Mal nach 2008 Jungsch\u00fctzenk\u00f6nig<\/li>\n\n\n\n<li>Pfarrer und Pr\u00e4ses Wilhelm H\u00f6sen verabschiedet sich nach 22-j\u00e4hriger T\u00e4tigkeit in den Ruhestand<\/li>\n\n\n\n<li>Nachfolger als geistlicher Pr\u00e4ses wird Pfarrer Hans-Peter Kippels<\/li>\n<\/ul>\n\n\n\n<p><strong>2011<\/strong><\/p>\n\n\n\n<ul class=\"wp-block-list\">\n<li>Die Sch\u00fctzen sind Facebook beigetreten<\/li>\n<\/ul>\n\n\n\n<p><strong>2010<\/strong><\/p>\n\n\n\n<ul class=\"wp-block-list\">\n<li>Bezirkssch\u00fctzenfest findet zum 4. Mal in Ahrem statt<\/li>\n\n\n\n<li>Die Frontseite des Sch\u00fctzenhauses wird teilweise verschiefert<\/li>\n\n\n\n<li>Pr\u00e4ses Wilhelm H\u00f6sen erh\u00e4lt in Anerkennung seiner hervorragenden Verdienste um die Bruderschaft den \u201aSt. Johannes-Ehrenteller\u2019<\/li>\n<\/ul>\n\n\n\n<p><strong>2009<\/strong><\/p>\n\n\n\n<ul class=\"wp-block-list\">\n<li>Katharina Zilleken wird neue Kreisk\u00f6nigin im RSB<\/li>\n\n\n\n<li>Auf dem gesamten Sch\u00fctzenhaus wird das Dach erneuert<\/li>\n\n\n\n<li>Hugo Kirchharz erh\u00e4lt in Anerkennung seiner hervorragenden Verdienste um die Bruderschaft den \u201aSt. Johannes-Ehrenteller\u2019<\/li>\n\n\n\n<li>Peter Linnartz wird zum Ehrenkommandanten ernannt<\/li>\n<\/ul>\n\n\n\n<p><strong>2008<\/strong><\/p>\n\n\n\n<ul class=\"wp-block-list\">\n<li>Helmut Jung l\u00f6st seine Frau als Sch\u00fctzenk\u00f6nig ab<\/li>\n\n\n\n<li>Helmut Jung wird neuer Kreisk\u00f6nig im RSB<\/li>\n<\/ul>\n\n\n\n<p><strong>2007<\/strong><\/p>\n\n\n\n<ul class=\"wp-block-list\">\n<li>75-j\u00e4hriges Bestehen der Jungsch\u00fctzengruppe; als sichtbares Zeichen erh\u00e4lt die Jungsch\u00fctzenfahne am Sebastianus &#8211; Fest ein Jubil\u00e4ums &#8211; Fahnenband<\/li>\n\n\n\n<li>Jungsch\u00fctzenk\u00f6nigin Verena Zilleken wird Bezirksprinzessin<\/li>\n\n\n\n<li>Zu Ehren des 75j\u00e4hrigen Bestehens der Jungsch\u00fctzen veranstaltet die Sch\u00fctzenjugend eine Disco im Sch\u00fctzenhaus<\/li>\n<\/ul>\n\n\n\n<p><strong>2006<\/strong><\/p>\n\n\n\n<ul class=\"wp-block-list\">\n<li>Internetpr\u00e4senz www.schuetzen-ahrem.de geht Online<\/li>\n\n\n\n<li>Die Bruderschaft richtet das Bezirksprinzenschie\u00dfen aus<\/li>\n\n\n\n<li>Jungsch\u00fctzenk\u00f6nigin Susanne Filz wird Bezirksprinzessin<\/li>\n\n\n\n<li>Franz-Josef Zimmermann wird zum 2. Mal nach 1998 Sch\u00fctzenk\u00f6nig<\/li>\n\n\n\n<li>Beim Di\u00f6zesanprinzenschie\u00dfen hat sich Susanne Filz als 6. Sieger f\u00fcr das Bundesprinzenschie\u00dfen in Duisburg qualifiziert<\/li>\n<\/ul>\n\n\n\n<p><strong>2005<\/strong><\/p>\n\n\n\n<ul class=\"wp-block-list\">\n<li>Jungsch\u00fctzenk\u00f6nig Marco Manheller wird Bezirksprinz<\/li>\n\n\n\n<li>Im Zuge des Weltjugendtages werden im Sch\u00fctzenhaus einige Pilger beherbergt und durch die Sch\u00fctzen versorgt<\/li>\n<\/ul>\n\n\n\n<p><strong>2004<\/strong><\/p>\n\n\n\n<ul class=\"wp-block-list\">\n<li>Anschaffung der zweiten Infrarot-Laserschie\u00dfanlage<\/li>\n\n\n\n<li>Eine neue Jungsch\u00fctzenfahne wird angeschafft und in der Messe zum Sebastianustag eingeweiht<\/li>\n<\/ul>\n\n\n\n<p><strong>2003<\/strong><\/p>\n\n\n\n<ul class=\"wp-block-list\">\n<li>Ludwig Eid wird zum 2. Mal nach 1995 Sch\u00fctzenk\u00f6nig<\/li>\n\n\n\n<li>Ludwig Eid wird Kreisk\u00f6nig im RSB<\/li>\n\n\n\n<li>Die Bruderschaft richtet das Bezirksk\u00f6nigsschie\u00dfen aus<\/li>\n\n\n\n<li>Anschaffung der ersten Infrarot-Laserschie\u00dfanlage<\/li>\n<\/ul>\n\n\n\n<p><strong>2002<\/strong><\/p>\n\n\n\n<ul class=\"wp-block-list\">\n<li>70 Jahre Jungsch\u00fctzen in Ahrem<\/li>\n\n\n\n<li>Sch\u00fctzenk\u00f6nig Karl-Heinz Struwe wird Bezirkssch\u00fctzenk\u00f6nig<\/li>\n<\/ul>\n\n\n\n<p><strong>2000<\/strong><\/p>\n\n\n\n<ul class=\"wp-block-list\">\n<li>75-j\u00e4hriges Jubelfest<\/li>\n\n\n\n<li>Erinnerungsfoto der Bruderschaft im Jubil\u00e4umsjahr 2000<\/li>\n\n\n\n<li>Bezirkssch\u00fctzenfest findet zum 3. Mal in Ahrem statt<\/li>\n<\/ul>\n\n\n\n<p><strong>1999<\/strong><\/p>\n\n\n\n<ul class=\"wp-block-list\">\n<li>Die Bruderschaft z\u00e4hlt \u00fcber 400 Mitglieder<\/li>\n<\/ul>\n\n\n\n<p><strong>1998<\/strong><\/p>\n\n\n\n<ul class=\"wp-block-list\">\n<li>Feier des 1. Sommerfestes der Sch\u00fctzenbruderschaft am 09.08.1998<\/li>\n<\/ul>\n\n\n\n<p><strong>1997<\/strong><\/p>\n\n\n\n<ul class=\"wp-block-list\">\n<li>Erweiterungsbau des Sch\u00fctzenhauses sowie der neue Hochstand werden am 9. Mai von Pr\u00e4ses Dechant Wilhem H\u00f6sen im Rahmen einer Feierstunde eingeweiht<\/li>\n\n\n\n<li>Katharina Kayser wird Kreisk\u00f6nigin im RSB<\/li>\n\n\n\n<li>Sch\u00fclerk\u00f6nigin Stefanie Engel wird Bezirkssch\u00fclerprinzessin<\/li>\n\n\n\n<li>Der Luftgewehrstand wird \u00fcberdacht und mit elektrischen Scheibentransportautomaten ausgestattet<\/li>\n\n\n\n<li>Nach vielen Jahren in Gemeinschaft mit dem Sportverein RW Ahrem wird das &#8222;Fastelovendsged\u00f6ns&#8220; zum erstenmal in Eigenregie veranstaltet<\/li>\n<\/ul>\n\n\n\n<p><strong>1996<\/strong><\/p>\n\n\n\n<ul class=\"wp-block-list\">\n<li>Ehrenkommandant Theo Zilleken erh\u00e4lt in Anerkennung seiner hervorragenden Verdienste um die Bruderschaft den \u201aSt. Johannes-Ehrenteller\u2019<\/li>\n\n\n\n<li>Hans-Peter Zilleken wird sechster Pr\u00e4sident der Bruderschaft<\/li>\n\n\n\n<li>Theo Zilleken wird zum Ehrenkommandanten ernannt<\/li>\n\n\n\n<li>Hugo Kirchharz wird zum Ehrenpr\u00e4sidenten ernannt<\/li>\n<\/ul>\n\n\n\n<p><strong>1995<\/strong><\/p>\n\n\n\n<ul class=\"wp-block-list\">\n<li>Die Fahnenschwenkergruppe wird auf Initiative von Jungsch\u00fctzenmeister Ferdinand Berger gegr\u00fcndet<\/li>\n<\/ul>\n\n\n\n<p><strong>1994<\/strong><\/p>\n\n\n\n<ul class=\"wp-block-list\">\n<li>Ehrengesch\u00e4ftsf\u00fchrer Gottfried M\u00fcnchrath erh\u00e4lt in Anerkennung seiner hervorragenden Verdienste um die Bruderschaft den \u201aSt. Johannes-Ehrenteller\u2019<\/li>\n\n\n\n<li>Anschaffung und Weihe der dritten Bruderschaftsfahne<\/li>\n<\/ul>\n\n\n\n<p><strong>1993<\/strong><\/p>\n\n\n\n<ul class=\"wp-block-list\">\n<li>Sch\u00fctzenbruder Peter M\u00f6rsch erh\u00e4lt in Anerkennung seiner hervorragenden Verdienste um die Bruderschaft den \u201aSt. Johannes-Ehrenteller\u2019<\/li>\n\n\n\n<li>Gestaltung und Anschaffung eines Vereinswappens<\/li>\n\n\n\n<li>Eine Fu\u00dfgruppe mit Jungsch\u00fctzen nimmt am Ahremer Karnevalszug teil<\/li>\n<\/ul>\n\n\n\n<p><strong>1992<\/strong><\/p>\n\n\n\n<ul class=\"wp-block-list\">\n<li>Ehrenmitglied Di\u00f6zesan-Caritaspfarrer Monsignore Johannes P\u00fctz erh\u00e4lt in Anerkennung seiner hervorragenden Verdienste um die Bruderschaft den \u201aSt. Johannes-Ehrenteller\u2019.<\/li>\n\n\n\n<li>Die Baugenehmigung f\u00fcr den Erweiterungsbau des Sch\u00fctzenhauses wird erteilt und die Bauarbeiten beginnen<\/li>\n\n\n\n<li>Pfarrer Monsignore Johannes P\u00fctz wird zum Ehrenmitglied ernannt<\/li>\n<\/ul>\n\n\n\n<p><strong>1991<\/strong><\/p>\n\n\n\n<ul class=\"wp-block-list\">\n<li>Die Bruderschaft f\u00fchrt in limitierter Auflage von 25 St\u00fcck den ,St. Johannes-Ehrenteller\u2019 zur Auszeichnung von hervorragend verdienten Mitgliedern ein<\/li>\n\n\n\n<li>Ehrenpr\u00e4ses Paul Huhnen erh\u00e4lt als Erster in Anerkennung seiner hervorragenden Verdienste um die Bruderschaft den \u201aSt. Johannes-Ehrenteller\u2019<\/li>\n\n\n\n<li>Pfarrer Paul Huhnen wird zum Ehrenpr\u00e4ses ernannt<\/li>\n\n\n\n<li>Mit Ursula Gladbach wird im 66. Jahr des Bestehens unserer Bruderschaft erstmalig eine Frau Sch\u00fctzenk\u00f6nigin<\/li>\n\n\n\n<li>Die Bruderschaft hat \u00fcber 300 Mitglieder, davon 78 Jugendliche<\/li>\n<\/ul>\n\n\n\n<p><strong>1990<\/strong><\/p>\n\n\n\n<ul class=\"wp-block-list\">\n<li>Pfarrer und Pr\u00e4ses Paul Huhnen verabschiedet sich nach 30-j\u00e4hriger T\u00e4tigkeit in den Ruhestand. Er wird zum Ehrenpr\u00e4ses ernannt.<\/li>\n\n\n\n<li>Nachfolger als geistlicher Pr\u00e4ses wird Pfarrer Wilhelm H\u00f6sen<\/li>\n\n\n\n<li>Bauantragsstellung f\u00fcr die Erweiterung des Sch\u00fctzenhauses<\/li>\n<\/ul>\n\n\n\n<p><strong>1989<\/strong><\/p>\n\n\n\n<ul class=\"wp-block-list\">\n<li>Sch\u00fclerk\u00f6nig Dirk Filz wird Bezirkssch\u00fclerprinz<\/li>\n<\/ul>\n\n\n\n<p><strong>1988<\/strong><\/p>\n\n\n\n<ul class=\"wp-block-list\">\n<li>Restaurierung der beiden Bruderschaftsfahnen<\/li>\n<\/ul>\n\n\n\n<p><strong>1987<\/strong><\/p>\n\n\n\n<ul class=\"wp-block-list\">\n<li>Am 01. Feb. findet die Generalversammlung erstmalig im neuen Sch\u00fctzenhaus statt<\/li>\n\n\n\n<li>Hugo Kirchharz wird f\u00fcnfter Pr\u00e4sident der Bruderschaft<\/li>\n\n\n\n<li>Heinrich Koll wird zum Ehrenpr\u00e4sidenten ernannt<\/li>\n\n\n\n<li>Gottfried M\u00fcnchrath wird zum Ehrengesch\u00e4ftsf\u00fchrer ernannt<\/li>\n<\/ul>\n\n\n\n<p><strong>1986<\/strong><\/p>\n\n\n\n<ul class=\"wp-block-list\">\n<li>Richtfest des Sch\u00fctzenhauses am 01. Mai<\/li>\n\n\n\n<li>Einweihung des fertig gestellten neuen Sch\u00fctzenhauses am 13. Sept. in Anwesenheit befreundeter Bruderschaften<\/li>\n\n\n\n<li>Mit \u00fcber 6.000 Stunden Eigenleistung haben die Sch\u00fctzen ein sch\u00f6nes Domizil geschaffen<\/li>\n<\/ul>\n\n\n\n<p><strong>1985<\/strong><\/p>\n\n\n\n<ul class=\"wp-block-list\">\n<li>Die ordentliche Mitgliederversammlung beschlie\u00dft am 30. Mai das Inkrafttreten einer modernisierten Satzung<\/li>\n<\/ul>\n\n\n\n<p><strong>1984<\/strong><\/p>\n\n\n\n<ul class=\"wp-block-list\">\n<li>Fertigstellung des 1. Bauabschnitts des Sch\u00fctzenhauses<\/li>\n\n\n\n<li>Einweihung und Inbetriebnahme des Schie\u00dfstandes am 21. Okt.<\/li>\n<\/ul>\n\n\n\n<p><strong>1982<\/strong><\/p>\n\n\n\n<ul class=\"wp-block-list\">\n<li>50-j\u00e4hriges Bestehen der Jungsch\u00fctzengruppe<\/li>\n\n\n\n<li>Bezirkssch\u00fctzenfest findet zum 2. Mal in Ahrem statt<\/li>\n\n\n\n<li>Sch\u00fctzenk\u00f6nig Hans-Adolf K\u00f6rfgen wird Bezirkssch\u00fctzenk\u00f6nig<\/li>\n\n\n\n<li>Baubeginn des Sch\u00fctzenhauses<\/li>\n<\/ul>\n\n\n\n<p><strong>1980<\/strong><\/p>\n\n\n\n<ul class=\"wp-block-list\">\n<li>Vorstellung des Bauplanes f\u00fcr das Sch\u00fctzenhaus auf der Generalversammlung<\/li>\n\n\n\n<li>Jungsch\u00fctzenk\u00f6nig Horst Scholz wird Bezirksprinz<\/li>\n<\/ul>\n\n\n\n<p><strong>1979<\/strong><\/p>\n\n\n\n<ul class=\"wp-block-list\">\n<li>Gottfried M\u00fcnchrath wird zum 2. Mal nach 1962 Sch\u00fctzenk\u00f6nig<\/li>\n\n\n\n<li>Die Bruderschaft hat \u00fcber 200 Mitglieder, davon 58 Jugendliche und 68 Frauen<\/li>\n<\/ul>\n\n\n\n<p><strong>1978<\/strong><\/p>\n\n\n\n<ul class=\"wp-block-list\">\n<li>Erwerb des 46 Ar gro\u00dfen Grundst\u00fcckes gegen\u00fcber dem Ahremer Sportplatz &#8211; unter Mithilfe des Kuratoriums \u201aAhremer Heide\u2019- zwecks sp\u00e4terer Errichtung eines Sch\u00fctzenhauses<\/li>\n<\/ul>\n\n\n\n<p><strong>1975<\/strong><\/p>\n\n\n\n<ul class=\"wp-block-list\">\n<li>50-j\u00e4hriges Jubelfest<\/li>\n\n\n\n<li>Die Sch\u00fctzenfeste werden ab diesem Jahr im Festzelt an der Bachstrasse veranstaltet<\/li>\n\n\n\n<li>Erinnerungsfoto der Bruderschaft im Jubi\u00e4umsjahr 1975<\/li>\n\n\n\n<li>Bezirkssch\u00fctzenfest findet zum 1. Mal in Ahrem statt<\/li>\n\n\n\n<li>Die Bruderschaft stiftet aus diesem Anlass f\u00fcr die Pfarrkirche eine wundersch\u00f6ne, 120 cm grosse, aus Ahorn-Holz geschnitzte Skulptur des \u201aHl. Sebastianus\u2019<\/li>\n\n\n\n<li>Am 04.01.1975 wird unser damaliger Pr\u00e4sident Heinrich Koll zum Bezirksbundesmeister im Bezirksverband Erftstadt gew\u00e4hlt<\/li>\n\n\n\n<li>Am 04.01.1975 wird unser damaliger Schriftf\u00fchrer Gottfried M\u00fcnchrath zum Bezirksgesch\u00e4ftsf\u00fchrer im Bezirksverband Erftstadt gew\u00e4hlt<\/li>\n<\/ul>\n\n\n\n<p><strong>1973<\/strong><\/p>\n\n\n\n<ul class=\"wp-block-list\">\n<li>Heinz Struwe stiftet \u201akleine K\u00f6nigskette\u2019<\/li>\n<\/ul>\n\n\n\n<p><strong>1972<\/strong><\/p>\n\n\n\n<ul class=\"wp-block-list\">\n<li>Erstmalig gewinnt mit Heinz Struwe unser amtierender Sch\u00fctzenk\u00f6nig auch das Bezirksk\u00f6nigsschie\u00dfen<\/li>\n\n\n\n<li>Die Bruderschaft hat 45 Jugendliche Mitglieder<\/li>\n<\/ul>\n\n\n\n<p><strong>1971<\/strong><\/p>\n\n\n\n<ul class=\"wp-block-list\">\n<li>Heinrich Koll wird vierter Pr\u00e4sident der Bruderschaft<\/li>\n<\/ul>\n\n\n\n<p><strong>1969<\/strong><\/p>\n\n\n\n<ul class=\"wp-block-list\">\n<li>Hillarius M\u00f6rsch wird zum 2. Mal nach 1956 Sch\u00fctzenk\u00f6nig<\/li>\n<\/ul>\n\n\n\n<p><strong>1967<\/strong><\/p>\n\n\n\n<ul class=\"wp-block-list\">\n<li>Das Sch\u00fctzenfest wird erstmals 3 Tage gefeiert<\/li>\n<\/ul>\n\n\n\n<p><strong>1965<\/strong><\/p>\n\n\n\n<ul class=\"wp-block-list\">\n<li>Inkrafttreten einer modernisierten Satzung auf der Generalversammlung vom 24.01.1965<\/li>\n<\/ul>\n\n\n\n<p><strong>1964<\/strong><\/p>\n\n\n\n<ul class=\"wp-block-list\">\n<li>Von 121 Mitgliedern geh\u00f6ren 22 der Jungsch\u00fctzengruppe an<\/li>\n<\/ul>\n\n\n\n<p><strong>1962<\/strong><\/p>\n\n\n\n<ul class=\"wp-block-list\">\n<li>Die Bruderschaft stiftet f\u00fcr die Pfarrkirche eine wundersch\u00f6ne, 120 cm grosse, aus Ahorn-Holz geschnitzte Skulptur des \u201aHl. Johannes des T\u00e4ufers\u2019<\/li>\n<\/ul>\n\n\n\n<p><strong>1961<\/strong><\/p>\n\n\n\n<ul class=\"wp-block-list\">\n<li>Einf\u00fchrung des Sportschie\u00dfens<\/li>\n<\/ul>\n\n\n\n<p><strong>1960<\/strong><\/p>\n\n\n\n<ul class=\"wp-block-list\">\n<li>Pfarrer Paul Huhnen wird neuer geistlicher Pr\u00e4ses der Bruderschaft<\/li>\n<\/ul>\n\n\n\n<p><strong>1951<\/strong><\/p>\n\n\n\n<ul class=\"wp-block-list\">\n<li>Theo Olligschl\u00e4ger wird dritter Pr\u00e4sident der Bruderschaft<\/li>\n<\/ul>\n\n\n\n<p><strong>1950<\/strong><\/p>\n\n\n\n<ul class=\"wp-block-list\">\n<li>25-j\u00e4hriges Jubelfest<\/li>\n<\/ul>\n\n\n\n<p><strong>1949<\/strong><\/p>\n\n\n\n<ul class=\"wp-block-list\">\n<li>Erstes K\u00f6nigsschie\u00dfen nach 11-j\u00e4hriger Unterbrechung<\/li>\n<\/ul>\n\n\n\n<p><strong>1947<\/strong><\/p>\n\n\n\n<ul class=\"wp-block-list\">\n<li>Die katholische Kirche Deutschlands erreicht bei den drei westlichen Besatzungsm\u00e4chten die Zulassung von Sch\u00fctzenbruderschaften als mit der Kirche verbundene Vereinigungen, worauf das Vereinsleben wieder aufgenommen werden konnte.<\/li>\n\n\n\n<li>Anschluss an den Bund der Historischen Deutschen Sch\u00fctzenbruderschaften K\u00f6ln<\/li>\n\n\n\n<li>Erstes Sch\u00fctzenfest nach dem 2. Weltkrieg<\/li>\n<\/ul>\n\n\n\n<p><strong>1942<\/strong><\/p>\n\n\n\n<ul class=\"wp-block-list\">\n<li>Heinrich Zimmermann wird zweiter Pr\u00e4sident der Bruderschaft<\/li>\n<\/ul>\n\n\n\n<p><strong>1938<\/strong><\/p>\n\n\n\n<ul class=\"wp-block-list\">\n<li>Letztes Sch\u00fctzenfest vor dem 2. Weltkrieg<\/li>\n<\/ul>\n\n\n\n<p><strong>1932<\/strong><\/p>\n\n\n\n<ul class=\"wp-block-list\">\n<li>12 Jugendliche treten in die Bruderschaft ein und begr\u00fcnden damit die Jungsch\u00fctzengruppe<\/li>\n<\/ul>\n\n\n\n<p><strong>1927<\/strong><\/p>\n\n\n\n<ul class=\"wp-block-list\">\n<li>Rektor Weisweiler wird geistlicher Pr\u00e4ses<\/li>\n<\/ul>\n\n\n\n<p><strong>1925<\/strong><\/p>\n\n\n\n<ul class=\"wp-block-list\">\n<li>50 Ahremer M\u00e4nner gr\u00fcnden die St. Johannes-Sch\u00fctzenbruderschaft Ahrem 1925 e.V.<\/li>\n\n\n\n<li>Foto der Bruderschaft im Jahr 1925 zeigt die Gr\u00fcndungsv\u00e4ter<\/li>\n\n\n\n<li>Christian Breuer wird erster Pr\u00e4sident der Bruderschaft<\/li>\n\n\n\n<li>Rektor Peter Schall wird erster geistlicher Pr\u00e4ses<\/li>\n\n\n\n<li>Verabschiedung der 1. Satzung<\/li>\n\n\n\n<li>Festsetzung des Sch\u00fctzenfesttermins am Sonntag nach dem Johannistag am 24. Juni<br>(Immer am letzten Sonntag im Juni)<\/li>\n\n\n\n<li>Weihe der ersten Bruderschaftsfahne am 1. Sch\u00fctzenfest<\/li>\n\n\n\n<li>Leo Gymnich wird erster Sch\u00fctzenk\u00f6nig<\/li>\n\n\n\n<li>Gastst\u00e4tte Zimmermann wird Vereinslokal<\/li>\n<\/ul>\n\n\n\n<p><\/p>\n","protected":false},"excerpt":{"rendered":"<p>2026 2025 2024 2023 2022 2021 2020 2019 2017 2016 2015 2014 2013 2012 2011 2010 2009 2008 2007 2006 2005 2004 2003 2002 2000 1999 1998 1997 1996 1995&#8230;<\/p>\n","protected":false},"author":1,"featured_media":0,"parent":7,"menu_order":0,"comment_status":"closed","ping_status":"closed","template":"","meta":{"pgc_sgb_lightbox_settings":"","footnotes":""},"class_list":["post-19","page","type-page","status-publish","hentry"],"_links":{"self":[{"href":"https:\/\/schuetzen-ahrem.de\/stjann\/wp-json\/wp\/v2\/pages\/19","targetHints":{"allow":["GET"]}}],"collection":[{"href":"https:\/\/schuetzen-ahrem.de\/stjann\/wp-json\/wp\/v2\/pages"}],"about":[{"href":"https:\/\/schuetzen-ahrem.de\/stjann\/wp-json\/wp\/v2\/types\/page"}],"author":[{"embeddable":true,"href":"https:\/\/schuetzen-ahrem.de\/stjann\/wp-json\/wp\/v2\/users\/1"}],"replies":[{"embeddable":true,"href":"https:\/\/schuetzen-ahrem.de\/stjann\/wp-json\/wp\/v2\/comments?post=19"}],"version-history":[{"count":52,"href":"https:\/\/schuetzen-ahrem.de\/stjann\/wp-json\/wp\/v2\/pages\/19\/revisions"}],"predecessor-version":[{"id":2381,"href":"https:\/\/schuetzen-ahrem.de\/stjann\/wp-json\/wp\/v2\/pages\/19\/revisions\/2381"}],"up":[{"embeddable":true,"href":"https:\/\/schuetzen-ahrem.de\/stjann\/wp-json\/wp\/v2\/pages\/7"}],"wp:attachment":[{"href":"https:\/\/schuetzen-ahrem.de\/stjann\/wp-json\/wp\/v2\/media?parent=19"}],"curies":[{"name":"wp","href":"https:\/\/api.w.org\/{rel}","templated":true}]}}