{"id":2070,"date":"2025-04-22T08:28:42","date_gmt":"2025-04-22T06:28:42","guid":{"rendered":"https:\/\/schuetzen-ahrem.de\/stjann\/?page_id=2070"},"modified":"2025-05-10T21:52:37","modified_gmt":"2025-05-10T19:52:37","slug":"vermietung","status":"publish","type":"page","link":"https:\/\/schuetzen-ahrem.de\/stjann\/bruderschaft\/schuetzenhaus\/vermietung\/","title":{"rendered":"Vermietung"},"content":{"rendered":"\n<p>Als Ansprechpartner f\u00fcr Terminabsprachen und Vermietung steht Dir Nicole Simon gerne zur Verf\u00fcgung.<\/p>\n\n\n\n<ul class=\"wp-block-social-links has-icon-background-color is-style-pill-shape is-content-justification-center is-layout-flex wp-container-core-social-links-is-layout-16018d1d wp-block-social-links-is-layout-flex\"><li style=\"background-color:#00d084;\" class=\"wp-social-link wp-social-link-mail has-vivid-green-cyan-background-color wp-block-social-link\"><a href=\"mailto:&#118;er&#109;i&#101;&#116;un&#103;&#064;sc&#104;&#117;&#101;t&#122;&#101;n&#045;a&#104;r&#101;&#109;&#046;d&#101;\" class=\"wp-block-social-link-anchor\"><svg width=\"24\" height=\"24\" viewBox=\"0 0 24 24\" version=\"1.1\" xmlns=\"http:\/\/www.w3.org\/2000\/svg\" aria-hidden=\"true\" focusable=\"false\"><path d=\"M19,5H5c-1.1,0-2,.9-2,2v10c0,1.1.9,2,2,2h14c1.1,0,2-.9,2-2V7c0-1.1-.9-2-2-2zm.5,12c0,.3-.2.5-.5.5H5c-.3,0-.5-.2-.5-.5V9.8l7.5,5.6,7.5-5.6V17zm0-9.1L12,13.6,4.5,7.9V7c0-.3.2-.5.5-.5h14c.3,0,.5.2.5.5v.9z\"><\/path><\/svg><span class=\"wp-block-social-link-label screen-reader-text\">E-Mail<\/span><\/a><\/li><\/ul>\n\n\n\n<p><strong>Bitte beachten Sie<\/strong>, dass das Sch\u00fctzenhaus derzeit ausschlie\u00dflich an Vereinsmitglieder vermietet wird. Wir bitten um Verst\u00e4ndnis, dass Anfragen von Nicht-Mitgliedern derzeit leider nicht ber\u00fccksichtigt werden k\u00f6nnen.<\/p>\n","protected":false},"excerpt":{"rendered":"<p>Als Ansprechpartner f\u00fcr Terminabsprachen und Vermietung steht Dir Nicole Simon gerne zur Verf\u00fcgung. Bitte beachten Sie, dass das Sch\u00fctzenhaus derzeit ausschlie\u00dflich an Vereinsmitglieder vermietet wird. Wir bitten um Verst\u00e4ndnis, dass&#8230;<\/p>\n","protected":false},"author":1,"featured_media":0,"parent":13,"menu_order":0,"comment_status":"closed","ping_status":"closed","template":"","meta":{"pgc_sgb_lightbox_settings":"","footnotes":""},"class_list":["post-2070","page","type-page","status-publish","hentry"],"_links":{"self":[{"href":"https:\/\/schuetzen-ahrem.de\/stjann\/wp-json\/wp\/v2\/pages\/2070","targetHints":{"allow":["GET"]}}],"collection":[{"href":"https:\/\/schuetzen-ahrem.de\/stjann\/wp-json\/wp\/v2\/pages"}],"about":[{"href":"https:\/\/schuetzen-ahrem.de\/stjann\/wp-json\/wp\/v2\/types\/page"}],"author":[{"embeddable":true,"href":"https:\/\/schuetzen-ahrem.de\/stjann\/wp-json\/wp\/v2\/users\/1"}],"replies":[{"embeddable":true,"href":"https:\/\/schuetzen-ahrem.de\/stjann\/wp-json\/wp\/v2\/comments?post=2070"}],"version-history":[{"count":4,"href":"https:\/\/schuetzen-ahrem.de\/stjann\/wp-json\/wp\/v2\/pages\/2070\/revisions"}],"predecessor-version":[{"id":2097,"href":"https:\/\/schuetzen-ahrem.de\/stjann\/wp-json\/wp\/v2\/pages\/2070\/revisions\/2097"}],"up":[{"embeddable":true,"href":"https:\/\/schuetzen-ahrem.de\/stjann\/wp-json\/wp\/v2\/pages\/13"}],"wp:attachment":[{"href":"https:\/\/schuetzen-ahrem.de\/stjann\/wp-json\/wp\/v2\/media?parent=2070"}],"curies":[{"name":"wp","href":"https:\/\/api.w.org\/{rel}","templated":true}]}}