{"id":21,"date":"2023-02-06T19:18:28","date_gmt":"2023-02-06T18:18:28","guid":{"rendered":"https:\/\/schuetzen-ahrem.de\/stjann\/?page_id=21"},"modified":"2023-02-16T08:52:22","modified_gmt":"2023-02-16T07:52:22","slug":"vereinswappen","status":"publish","type":"page","link":"https:\/\/schuetzen-ahrem.de\/stjann\/bruderschaft\/vereinswappen\/","title":{"rendered":"Vereinswappen"},"content":{"rendered":"\n<h2 class=\"wp-block-heading\">Das Vereinswappen der Ahremer Sch\u00fctzen<\/h2>\n\n\n\n<p>Ein einheitliches Erkennungszeichen nutzten schon vor den fr\u00fchen Christen Volksst\u00e4mme und Soldaten um sich zu versammeln.<\/p>\n\n\n\n<p>Auch bei den St. Johannes Sch\u00fctzenbruderschaft Ahrem 1925 e.V. gibt es dieses \u201cErkennungsmerkmal\u201d, welches sich \u00fcberall auf Vereinsabzeichen, Fahne, Briefk\u00f6pfen und nicht zuletzt auch auf der Eingangsseite der Homepage wieder findet.<\/p>\n\n\n\n<p>Das Vereinswappen zeigt die Figur des Hl. Johannes des T\u00e4ufers, der in ein Lammfell geh\u00fcllt ist und in seinen H\u00e4nden Taufschale und Kreuzstab h\u00e4lt. Als Vorlage diente wohl die im Jahre 1962 von unserer Bruderschaft an die Pfarrgemeinde gestiftete Johannes \u2013 Statue, die Sie in der Ahremer Pfarrkirche im Original anschauen k\u00f6nnen. (<a href=\"https:\/\/schuetzen-ahrem.de\/stjann\/bruderschaft\/schutzpatron\/#seite_schutzpatron\" data-type=\"URL\">Siehe Schutzpatron<\/a>)<\/p>\n\n\n\n<p>Umrandet wird die Figur unseres Schutzpatrons in goldenen Buchstaben vom Namenszug unserer Sch\u00fctzenbruderschaft: \u201aSt. Johannes Sch\u00fctzenbruderschaft Ahrem 1925 e. V.\u2019 Als Grundfarbton der unteren Fl\u00e4che wurde ein dunkles gr\u00fcn gew\u00e4hlt, womit sich die klassische Farbe unserer Sch\u00fctzenbruderschaft wieder findet. Die Idee zu unserem Vereinswappen stammt von unserem Sch\u00fctzenbruder Heinrich Gladbach.<\/p>\n\n\n\n<p>Das Wappen selbst wurde dann 1993 durch die Fahnenstickerei Meinel aus Marktleugast \/ Franken hergestellt. Seitdem schm\u00fcckt es jeden Ahremer Sch\u00fctzenrock als Erkennungszeichen. Statutengem\u00e4\u00df wird es auf der Mitte des linken Oberarms angebracht.<\/p>\n\n\n\n<p>Damit bekennt sich jeder Ahremer Sch\u00fctze nach au\u00dfen hin sichtbar zu seiner Verbundenheit mit der Ahremer Sch\u00fctzenbruderschaft, unserem Schutzpatron und den Leitmotiven unserer Bruderschaft.<\/p>\n","protected":false},"excerpt":{"rendered":"<p>Das Vereinswappen der Ahremer Sch\u00fctzen Ein einheitliches Erkennungszeichen nutzten schon vor den fr\u00fchen Christen Volksst\u00e4mme und Soldaten um sich zu versammeln. Auch bei den St. Johannes Sch\u00fctzenbruderschaft Ahrem 1925 e.V&#8230;.<\/p>\n","protected":false},"author":1,"featured_media":0,"parent":7,"menu_order":0,"comment_status":"closed","ping_status":"closed","template":"","meta":{"pgc_sgb_lightbox_settings":"","footnotes":""},"class_list":["post-21","page","type-page","status-publish","hentry"],"_links":{"self":[{"href":"https:\/\/schuetzen-ahrem.de\/stjann\/wp-json\/wp\/v2\/pages\/21","targetHints":{"allow":["GET"]}}],"collection":[{"href":"https:\/\/schuetzen-ahrem.de\/stjann\/wp-json\/wp\/v2\/pages"}],"about":[{"href":"https:\/\/schuetzen-ahrem.de\/stjann\/wp-json\/wp\/v2\/types\/page"}],"author":[{"embeddable":true,"href":"https:\/\/schuetzen-ahrem.de\/stjann\/wp-json\/wp\/v2\/users\/1"}],"replies":[{"embeddable":true,"href":"https:\/\/schuetzen-ahrem.de\/stjann\/wp-json\/wp\/v2\/comments?post=21"}],"version-history":[{"count":5,"href":"https:\/\/schuetzen-ahrem.de\/stjann\/wp-json\/wp\/v2\/pages\/21\/revisions"}],"predecessor-version":[{"id":301,"href":"https:\/\/schuetzen-ahrem.de\/stjann\/wp-json\/wp\/v2\/pages\/21\/revisions\/301"}],"up":[{"embeddable":true,"href":"https:\/\/schuetzen-ahrem.de\/stjann\/wp-json\/wp\/v2\/pages\/7"}],"wp:attachment":[{"href":"https:\/\/schuetzen-ahrem.de\/stjann\/wp-json\/wp\/v2\/media?parent=21"}],"curies":[{"name":"wp","href":"https:\/\/api.w.org\/{rel}","templated":true}]}}