{"id":2102,"date":"2025-05-15T06:15:21","date_gmt":"2025-05-15T04:15:21","guid":{"rendered":"https:\/\/schuetzen-ahrem.de\/stjann\/?page_id=2102"},"modified":"2025-11-30T13:29:18","modified_gmt":"2025-11-30T12:29:18","slug":"start","status":"publish","type":"page","link":"https:\/\/schuetzen-ahrem.de\/stjann\/","title":{"rendered":""},"content":{"rendered":"<div class=\"wp-block-image is-style-default\">\n<figure class=\"aligncenter size-large\"><img fetchpriority=\"high\" decoding=\"async\" width=\"1024\" height=\"768\" src=\"https:\/\/schuetzen-ahrem.de\/stjann\/wp-content\/uploads\/IMG-20250713-WA0007-1024x768.jpg\" alt=\"\" class=\"wp-image-2197\" srcset=\"https:\/\/schuetzen-ahrem.de\/stjann\/wp-content\/uploads\/IMG-20250713-WA0007-1024x768.jpg 1024w, https:\/\/schuetzen-ahrem.de\/stjann\/wp-content\/uploads\/IMG-20250713-WA0007-300x225.jpg 300w, https:\/\/schuetzen-ahrem.de\/stjann\/wp-content\/uploads\/IMG-20250713-WA0007-768x576.jpg 768w, https:\/\/schuetzen-ahrem.de\/stjann\/wp-content\/uploads\/IMG-20250713-WA0007-1536x1152.jpg 1536w, https:\/\/schuetzen-ahrem.de\/stjann\/wp-content\/uploads\/IMG-20250713-WA0007-2048x1536.jpg 2048w, https:\/\/schuetzen-ahrem.de\/stjann\/wp-content\/uploads\/IMG-20250713-WA0007-850x638.jpg 850w, https:\/\/schuetzen-ahrem.de\/stjann\/wp-content\/uploads\/IMG-20250713-WA0007-155x116.jpg 155w\" sizes=\"(max-width: 1024px) 100vw, 1024px\" \/><figcaption class=\"wp-element-caption\"><strong>Majest\u00e4ten 2025:<\/strong><br>K\u00f6nig: Michael Kappaun<br>Jungsch\u00fctzenk\u00f6nigin: Katrin Hoffs\u00fcmmer<br>Sch\u00fclerk\u00f6nigin: Maren Hick<br>Sch\u00fclerprinz: Robin Heiden<\/figcaption><\/figure>\n<\/div>\n\n\n<p><\/p>\n\n\n\n<div style=\"height:52px\" aria-hidden=\"true\" class=\"wp-block-spacer\"><\/div>\n\n\n<ul class=\"wp-block-latest-posts__list is-grid columns-3 has-dates wp-block-latest-posts\"><li><div class=\"wp-block-latest-posts__featured-image\"><img decoding=\"async\" width=\"640\" height=\"243\" src=\"https:\/\/schuetzen-ahrem.de\/stjann\/wp-content\/uploads\/Ostereierschiessen_2026_Titel-1024x388.jpg\" class=\"attachment-large size-large wp-post-image\" alt=\"\" style=\"\" srcset=\"https:\/\/schuetzen-ahrem.de\/stjann\/wp-content\/uploads\/Ostereierschiessen_2026_Titel-1024x388.jpg 1024w, https:\/\/schuetzen-ahrem.de\/stjann\/wp-content\/uploads\/Ostereierschiessen_2026_Titel-300x114.jpg 300w, https:\/\/schuetzen-ahrem.de\/stjann\/wp-content\/uploads\/Ostereierschiessen_2026_Titel-768x291.jpg 768w, https:\/\/schuetzen-ahrem.de\/stjann\/wp-content\/uploads\/Ostereierschiessen_2026_Titel-850x322.jpg 850w, https:\/\/schuetzen-ahrem.de\/stjann\/wp-content\/uploads\/Ostereierschiessen_2026_Titel-228x86.jpg 228w, https:\/\/schuetzen-ahrem.de\/stjann\/wp-content\/uploads\/Ostereierschiessen_2026_Titel.jpg 1137w\" sizes=\"(max-width: 640px) 100vw, 640px\" \/><\/div><a class=\"wp-block-latest-posts__post-title\" href=\"https:\/\/schuetzen-ahrem.de\/stjann\/medien\/ostereierschiessen-im-schuetzenheim-2\/\">Ostereierschie\u00dfen im Sch\u00fctzenheim<\/a><time datetime=\"2026-03-07T21:42:49+01:00\" class=\"wp-block-latest-posts__post-date\">7. M\u00e4rz 2026<\/time><div class=\"wp-block-latest-posts__post-excerpt\">    Ostereierschie\u00dfen f\u00fcr Jedermann \ud83c\udfaf\ud83d\udc23\ud83d\udc9a<\/div><\/li>\n<li><div class=\"wp-block-latest-posts__featured-image\"><img decoding=\"async\" width=\"640\" height=\"149\" src=\"https:\/\/schuetzen-ahrem.de\/stjann\/wp-content\/uploads\/KARNEVAL-2026_Ausschnitt.jpg\" class=\"attachment-large size-large wp-post-image\" alt=\"\" style=\"\" srcset=\"https:\/\/schuetzen-ahrem.de\/stjann\/wp-content\/uploads\/KARNEVAL-2026_Ausschnitt.jpg 1025w, https:\/\/schuetzen-ahrem.de\/stjann\/wp-content\/uploads\/KARNEVAL-2026_Ausschnitt-300x70.jpg 300w, https:\/\/schuetzen-ahrem.de\/stjann\/wp-content\/uploads\/KARNEVAL-2026_Ausschnitt-768x178.jpg 768w, https:\/\/schuetzen-ahrem.de\/stjann\/wp-content\/uploads\/KARNEVAL-2026_Ausschnitt-850x197.jpg 850w, https:\/\/schuetzen-ahrem.de\/stjann\/wp-content\/uploads\/KARNEVAL-2026_Ausschnitt-228x53.jpg 228w\" sizes=\"(max-width: 640px) 100vw, 640px\" \/><\/div><a class=\"wp-block-latest-posts__post-title\" href=\"https:\/\/schuetzen-ahrem.de\/stjann\/medien\/fastelovendsjedoens-im-schuetzenhaus-3\/\">Fastelovendsjed\u00f6ns im Sch\u00fctzenhaus an Weiberfastnacht, 12.02.2026<\/a><time datetime=\"2026-01-27T20:56:45+01:00\" class=\"wp-block-latest-posts__post-date\">27. Januar 2026<\/time><div class=\"wp-block-latest-posts__post-excerpt\"><\/div><\/li>\n<li><div class=\"wp-block-latest-posts__featured-image\"><img loading=\"lazy\" decoding=\"async\" width=\"640\" height=\"243\" src=\"https:\/\/schuetzen-ahrem.de\/stjann\/wp-content\/uploads\/St.Jann-Weihnachtsgruesse-2-e1766323864275-1024x389.jpg\" class=\"attachment-large size-large wp-post-image\" alt=\"\" style=\"\" srcset=\"https:\/\/schuetzen-ahrem.de\/stjann\/wp-content\/uploads\/St.Jann-Weihnachtsgruesse-2-e1766323864275-1024x389.jpg 1024w, https:\/\/schuetzen-ahrem.de\/stjann\/wp-content\/uploads\/St.Jann-Weihnachtsgruesse-2-e1766323864275-300x114.jpg 300w, https:\/\/schuetzen-ahrem.de\/stjann\/wp-content\/uploads\/St.Jann-Weihnachtsgruesse-2-e1766323864275-768x292.jpg 768w, https:\/\/schuetzen-ahrem.de\/stjann\/wp-content\/uploads\/St.Jann-Weihnachtsgruesse-2-e1766323864275-850x323.jpg 850w, https:\/\/schuetzen-ahrem.de\/stjann\/wp-content\/uploads\/St.Jann-Weihnachtsgruesse-2-e1766323864275-228x87.jpg 228w, https:\/\/schuetzen-ahrem.de\/stjann\/wp-content\/uploads\/St.Jann-Weihnachtsgruesse-2-e1766323864275.jpg 1100w\" sizes=\"(max-width: 640px) 100vw, 640px\" \/><\/div><a class=\"wp-block-latest-posts__post-title\" href=\"https:\/\/schuetzen-ahrem.de\/stjann\/medien\/elementor-2339\/\">Weihnachtsgru\u00df<\/a><time datetime=\"2025-12-21T14:23:39+01:00\" class=\"wp-block-latest-posts__post-date\">21. Dezember 2025<\/time><div class=\"wp-block-latest-posts__post-excerpt\">\u2026die festliche Weihnachtszeit steht vor der T\u00fcr.<\/div><\/li>\n<li><div class=\"wp-block-latest-posts__featured-image\"><img loading=\"lazy\" decoding=\"async\" width=\"640\" height=\"193\" src=\"https:\/\/schuetzen-ahrem.de\/stjann\/wp-content\/uploads\/ahremer_klaaf_25_bunner-1024x308.jpeg\" class=\"attachment-large size-large wp-post-image\" alt=\"\" style=\"\" srcset=\"https:\/\/schuetzen-ahrem.de\/stjann\/wp-content\/uploads\/ahremer_klaaf_25_bunner-1024x308.jpeg 1024w, https:\/\/schuetzen-ahrem.de\/stjann\/wp-content\/uploads\/ahremer_klaaf_25_bunner-300x90.jpeg 300w, https:\/\/schuetzen-ahrem.de\/stjann\/wp-content\/uploads\/ahremer_klaaf_25_bunner-768x231.jpeg 768w, https:\/\/schuetzen-ahrem.de\/stjann\/wp-content\/uploads\/ahremer_klaaf_25_bunner-1536x462.jpeg 1536w, https:\/\/schuetzen-ahrem.de\/stjann\/wp-content\/uploads\/ahremer_klaaf_25_bunner-850x256.jpeg 850w, https:\/\/schuetzen-ahrem.de\/stjann\/wp-content\/uploads\/ahremer_klaaf_25_bunner-228x69.jpeg 228w, https:\/\/schuetzen-ahrem.de\/stjann\/wp-content\/uploads\/ahremer_klaaf_25_bunner.jpeg 1600w\" sizes=\"(max-width: 640px) 100vw, 640px\" \/><\/div><a class=\"wp-block-latest-posts__post-title\" href=\"https:\/\/schuetzen-ahrem.de\/stjann\/medien\/ahremer-klaaf-2\/\">Ahremer Klaaf<\/a><time datetime=\"2025-11-30T13:43:45+01:00\" class=\"wp-block-latest-posts__post-date\">30. November 2025<\/time><div class=\"wp-block-latest-posts__post-excerpt\">Ahremer Klaaf mit Siegerehrung der Schie\u00dfwettbewerbe 2025 und traditionellem Theaterst\u00fcck am 14. Dezember 2024 ab 15 Uhr im Sch\u00fctzenhaus Ahrem<\/div><\/li>\n<li><div class=\"wp-block-latest-posts__featured-image\"><img loading=\"lazy\" decoding=\"async\" width=\"640\" height=\"257\" src=\"https:\/\/schuetzen-ahrem.de\/stjann\/wp-content\/uploads\/Dorffest2025_Schlagzeile-1-1024x411.jpg\" class=\"attachment-large size-large wp-post-image\" alt=\"\" style=\"\" srcset=\"https:\/\/schuetzen-ahrem.de\/stjann\/wp-content\/uploads\/Dorffest2025_Schlagzeile-1-1024x411.jpg 1024w, https:\/\/schuetzen-ahrem.de\/stjann\/wp-content\/uploads\/Dorffest2025_Schlagzeile-1-300x120.jpg 300w, https:\/\/schuetzen-ahrem.de\/stjann\/wp-content\/uploads\/Dorffest2025_Schlagzeile-1-768x308.jpg 768w, https:\/\/schuetzen-ahrem.de\/stjann\/wp-content\/uploads\/Dorffest2025_Schlagzeile-1-850x341.jpg 850w, https:\/\/schuetzen-ahrem.de\/stjann\/wp-content\/uploads\/Dorffest2025_Schlagzeile-1-228x92.jpg 228w, https:\/\/schuetzen-ahrem.de\/stjann\/wp-content\/uploads\/Dorffest2025_Schlagzeile-1.jpg 1151w\" sizes=\"(max-width: 640px) 100vw, 640px\" \/><\/div><a class=\"wp-block-latest-posts__post-title\" href=\"https:\/\/schuetzen-ahrem.de\/stjann\/medien\/dorffest-auf-dem-dorfplatz-ahrem\/\">Dorffest auf dem Dorfplatz Ahrem<\/a><time datetime=\"2025-08-24T10:03:57+02:00\" class=\"wp-block-latest-posts__post-date\">24. August 2025<\/time><div class=\"wp-block-latest-posts__post-excerpt\"><\/div><\/li>\n<li><div class=\"wp-block-latest-posts__featured-image\"><img loading=\"lazy\" decoding=\"async\" width=\"640\" height=\"263\" src=\"https:\/\/schuetzen-ahrem.de\/stjann\/wp-content\/uploads\/sommerfest2025_Schlagzeile-1024x420.jpg\" class=\"attachment-large size-large wp-post-image\" alt=\"\" style=\"\" srcset=\"https:\/\/schuetzen-ahrem.de\/stjann\/wp-content\/uploads\/sommerfest2025_Schlagzeile-1024x420.jpg 1024w, https:\/\/schuetzen-ahrem.de\/stjann\/wp-content\/uploads\/sommerfest2025_Schlagzeile-300x123.jpg 300w, https:\/\/schuetzen-ahrem.de\/stjann\/wp-content\/uploads\/sommerfest2025_Schlagzeile-768x315.jpg 768w, https:\/\/schuetzen-ahrem.de\/stjann\/wp-content\/uploads\/sommerfest2025_Schlagzeile-850x349.jpg 850w, https:\/\/schuetzen-ahrem.de\/stjann\/wp-content\/uploads\/sommerfest2025_Schlagzeile-228x94.jpg 228w, https:\/\/schuetzen-ahrem.de\/stjann\/wp-content\/uploads\/sommerfest2025_Schlagzeile.jpg 1138w\" sizes=\"(max-width: 640px) 100vw, 640px\" \/><\/div><a class=\"wp-block-latest-posts__post-title\" href=\"https:\/\/schuetzen-ahrem.de\/stjann\/medien\/sommerfest-rund-ums-schuetzenhaus-in-ahrem\/\">Sommerfest rund ums Sch\u00fctzenhaus in Ahrem<\/a><time datetime=\"2025-08-15T21:34:56+02:00\" class=\"wp-block-latest-posts__post-date\">15. August 2025<\/time><div class=\"wp-block-latest-posts__post-excerpt\"><\/div><\/li>\n<\/ul>","protected":false},"excerpt":{"rendered":"","protected":false},"author":1,"featured_media":0,"parent":0,"menu_order":0,"comment_status":"closed","ping_status":"closed","template":"","meta":{"pgc_sgb_lightbox_settings":"","footnotes":""},"class_list":["post-2102","page","type-page","status-publish","hentry"],"_links":{"self":[{"href":"https:\/\/schuetzen-ahrem.de\/stjann\/wp-json\/wp\/v2\/pages\/2102","targetHints":{"allow":["GET"]}}],"collection":[{"href":"https:\/\/schuetzen-ahrem.de\/stjann\/wp-json\/wp\/v2\/pages"}],"about":[{"href":"https:\/\/schuetzen-ahrem.de\/stjann\/wp-json\/wp\/v2\/types\/page"}],"author":[{"embeddable":true,"href":"https:\/\/schuetzen-ahrem.de\/stjann\/wp-json\/wp\/v2\/users\/1"}],"replies":[{"embeddable":true,"href":"https:\/\/schuetzen-ahrem.de\/stjann\/wp-json\/wp\/v2\/comments?post=2102"}],"version-history":[{"count":14,"href":"https:\/\/schuetzen-ahrem.de\/stjann\/wp-json\/wp\/v2\/pages\/2102\/revisions"}],"predecessor-version":[{"id":2319,"href":"https:\/\/schuetzen-ahrem.de\/stjann\/wp-json\/wp\/v2\/pages\/2102\/revisions\/2319"}],"wp:attachment":[{"href":"https:\/\/schuetzen-ahrem.de\/stjann\/wp-json\/wp\/v2\/media?parent=2102"}],"curies":[{"name":"wp","href":"https:\/\/api.w.org\/{rel}","templated":true}]}}