{"id":3,"date":"2023-02-06T17:48:41","date_gmt":"2023-02-06T16:48:41","guid":{"rendered":"https:\/\/schuetzen-ahrem.de\/stjann\/?page_id=3"},"modified":"2023-04-08T07:56:44","modified_gmt":"2023-04-08T05:56:44","slug":"datenschutzerklaerung","status":"publish","type":"page","link":"https:\/\/schuetzen-ahrem.de\/stjann\/datenschutzerklaerung\/","title":{"rendered":"Datenschutzerkl\u00e4rung"},"content":{"rendered":"\n<p>Diese Datenschutzordnung regelt den Umgang und Verarbeitung personenbezogener Daten Im Sinne der DSGVO und des Bundesdatenschutzgesetztes der St. Johannes Sch\u00fctzenbruderschaft Ahrem 1925 e.V. Die aktuelle Version der Datenschutzordnung der Bruderschaft kann auf der Homepage unter <a href=\"https:\/\/www.schuetzen-ahrem.de\/html\/datenschutz.html\">https:\/\/www.schuetzen-ahrem.de\/<\/a> &nbsp;aufgerufen werden.<\/p>\n\n\n\n<p><strong>Arten der verarbeiteten Daten<\/strong><\/p>\n\n\n\n<p>Mit dem Antrag eines Mitglieds nimmt der Verein Daten zum Mitglied auf. Dabei handelt es sich unter anderem um folgende Angaben:<\/p>\n\n\n\n<p><strong>\u2022Anrede \u2022Vorname \u2022Name \u2022Anschrift \u2022Kontaktdaten (Telefon, E-Mail) \u2022Geburtsdatum \u2022Konfession \u2022Gruppenzugeh\u00f6rigkeit \u2022Auszeichnungen\/Ehrungen \u2022Bankverbindung f\u00fcr das SEPA Lastschriftver-fahren<\/strong> <strong>und weitere dem Vereinszweck dienende Daten.<\/strong><\/p>\n\n\n\n<p>Sonstige Informationen zu den Mitgliedern und Informationen \u00fcber Nichtmitglieder werden von dem Verein grunds\u00e4tzlich nur verarbeitet oder genutzt, wenn sie zur F\u00f6rderung des Vereinszweckes n\u00fctzlich sind und keine Anhaltspunkte bestehen, dass die betroffene Person ein schutzw\u00fcrdiges Interesse hat, das der Verarbeitung oder Nutzung entgegensteht.<\/p>\n\n\n\n<p>Als Mitglied des Bund der Historischen Deutschen Sch\u00fctzenbruderschaften e.V. ist der Verein verpflichtet, seine Mitglieder an den Verband zu melden. \u00dcbermittelt werden dabei:<br><strong>\u2022 Anrede \u2022 Vorname \u2022 Name \u2022 Anschrift \u2022 Geburtsdatum \u2022 Eintrittsdatum \u2022 Austrittsdatum und Vereinsmitgliedsnummer (sonstige Daten).<\/strong><\/p>\n\n\n\n<p>Bei Mitgliedern mit besonderen Aufgaben und Funktionen (z.B. Vorstandsmitglieder K\u00f6nigsw\u00fcrde) die vollst\u00e4ndige Adresse mit Telefonnummer, E-Mail-Adresse sowie der Bezeichnung ihrer Funktion im Verein.<\/p>\n\n\n\n<p>Mit dem Beitritt erkl\u00e4rt sich das Mitglied einverstanden, dass die im Zusammenhang mit der Mitgliedschaft ben\u00f6tigten personenbezogenen Daten unter Ber\u00fccksichtigung der Vorgaben der o. g. Verordnungen und Gesetze per EDV f\u00fcr den Verein erhoben, verarbeitet und genutzt werden.<\/p>\n\n\n\n<p><strong>Die Daten werden f\u00fcr die Dauer der Mitgliedschaft erhoben und gespeichert. <\/strong>Ohne dieses Einverst\u00e4ndnis kann eine Mitgliedschaft nicht begr\u00fcndet werden<\/p>\n\n\n\n<p><strong>Zweck der Verarbeitung<\/strong><\/p>\n\n\n\n<p>Die \u00fcberlassenen personenbezogenen Daten d\u00fcrfen <strong>ausschlie\u00dflich<\/strong> f\u00fcr Vereinszwecke verwendet werden. Hierzu z\u00e4hlen insbesondere:<\/p>\n\n\n\n<ul class=\"wp-block-list\">\n<li>die Mitgliederverwaltung<\/li>\n\n\n\n<li>die Durchf\u00fchrung des Sport- und Spielbetriebes<\/li>\n\n\n\n<li>die \u00fcblichen Ver\u00f6ffentlichungen in der Presse und im Internet,<\/li>\n\n\n\n<li>Aush\u00e4nge am &#8222;Schwarzen Brett&#8220;,<\/li>\n\n\n\n<li>Durchf\u00fchrung von Jugendfreizeiten und Ausfl\u00fcgen sowie Beantragung von Zusch\u00fcssen.<\/li>\n<\/ul>\n\n\n\n<p>Eine anderweitige Verarbeitung oder Nutzung ist nicht zul\u00e4ssig.<\/p>\n\n\n\n<p><strong>Ma\u00dfgebliche Rechtsgrundlagen<\/strong><\/p>\n\n\n\n<p>Nach Ma\u00dfgabe des Art. 13 DSGVO teilen wir Ihnen die Rechtsgrundlagen unserer Datenverarbeitungen mit. Sofern die Rechtsgrundlage in der Datenschutzerkl\u00e4rung nicht genannt wird, gilt Folgendes: Die Rechtsgrundlage f\u00fcr die Einholung von Einwilligungen ist Art. 6 Abs. 1 lit. a und Art. 7 DSGVO, die Rechtsgrundlage f\u00fcr die Verarbeitung zur Erf\u00fcllung unserer Leistungen und Durchf\u00fchrung vertraglicher Ma\u00dfnahmen sowie Beantwortung von Anfragen ist Art. 6 Abs. 1 lit. b DSGVO, die Rechtsgrundlage f\u00fcr die Verarbeitung zur Erf\u00fcllung unserer rechtlichen Verpflichtungen ist Art. 6 Abs. 1 lit. c DSGVO, und die Rechtsgrundlage f\u00fcr die Verarbeitung zur Wahrung unserer berechtigten Interessen ist Art. 6 Abs. 1 lit. f DSGVO, als Rechtsgrundlage f\u00fcr den Fall, dass lebenswichtige Interessen der betroffenen Person oder einer anderen nat\u00fcrlichen Person eine Verarbeitung personenbezogener Daten erforderlich machen, dient Art. 6 Abs. 1 lit. d DSGVO und die Rechtsgrundlage f\u00fcr die Sicherheit der Verarbeitung der Daten per EDV ist Art. 32 DSGVO.<\/p>\n\n\n\n<p><strong>Zusammenarbeit mit Auftragsverarbeitern und Dritten<\/strong><\/p>\n\n\n\n<p>Sofern wir im Rahmen unserer Verarbeitung Daten gegen\u00fcber anderen Personen und Unternehmen (Auftragsverarbeitern oder Dritten) offenbaren, sie an diese \u00fcbermitteln oder ihnen sonst Zugriff auf die Daten gew\u00e4hren, erfolgt dies nur auf Grundlage einer gesetzlichen Erlaubnis (z.B. wenn eine \u00dcbermittlung der Daten an Dritte, wie an Zahlungsdienstleister, gem. Art. 6 Abs. 1 lit. b DSGVO zur Vertragserf\u00fcllung erforderlich ist), Sie eingewilligt haben, eine rechtliche Verpflichtung dies vorsieht oder auf Grundlage unserer berechtigten Interessen (z.B. beim Einsatz von Beauftragten, Webhostern, etc.).<\/p>\n\n\n\n<p>Sofern wir Dritte mit der Verarbeitung von Daten auf Grundlage eines sog. \u201eAuftragsverarbeitungsvertrages\u201c beauftragen, geschieht dies auf Grundlage des Art. 28 DSGVO.<\/p>\n\n\n\n<p><strong>Rechte der betroffenen Mitglieder<\/strong><\/p>\n\n\n\n<p>Das einzelne Mitglied hat das Recht:<\/p>\n\n\n\n<p>\u2022 eine Best\u00e4tigung dar\u00fcber zu verlangen, ob betreffende Daten verarbeitet werden und auf Auskunft \u00fcber diese Daten sowie auf weitere Informationen und Kopie der Daten entsprechend Art. 15 DSGVO.<\/p>\n\n\n\n<p>\u2022 entsprechend. Art. 16 DSGVO das Recht, die Vervollst\u00e4ndigung der Sie betreffenden Daten oder die Berichtigung der Sie betreffenden unrichtigen Daten zu verlangen.<\/p>\n\n\n\n<p>\u2022 nach Ma\u00dfgabe des Art. 17 DSGVO das Recht zu verlangen, dass betreffende Daten unverz\u00fcglich gel\u00f6scht werden, bzw. alternativ nach Ma\u00dfgabe des Art. 18 DSGVO eine Einschr\u00e4nkung der Verarbeitung der Daten zu verlangen.<\/p>\n\n\n\n<p>\u2022 dass die Sie betreffenden Daten, die Sie uns bereitgestellt haben nach Ma\u00dfgabe des Art. 20 DSGVO zu erhalten und deren \u00dcbermittlung an andere Verantwortliche zu fordern.<\/p>\n\n\n\n<p>\u2022 ferner gem. Art. 77 DSGVO das Recht, eine Beschwerde bei der zust\u00e4ndigen Aufsichtsbeh\u00f6rde einzureichen.<\/p>\n\n\n\n<p>Das einzelne Mitglied kann jederzeit gegen\u00fcber dem Vorstand Einw\u00e4nde gegen die Ver\u00f6ffentlichung seiner personenbezogenen Daten auf der Bruderschafts-Homepage erheben bzw. seine erteilte Einwilligung in die Ver\u00f6ffentlichung widerrufen. Im Falle eines Einwandes bzw. Widerrufs unterbleiben weitere Ver\u00f6ffentlichungen zu seiner Person. Personenbezogene Daten des widerrufenden Mitglieds werden von der Homepage des Vereins entfernt.<\/p>\n\n\n\n<p>Mit dem Beitritt erkl\u00e4rt sich das Mitglied ebenfalls einverstanden, dass Fotos von Veranstaltungen der Bruderschaft, auf denen das Mitglied abgebildet ist, im Rahmen von Ver\u00f6ffentlichungen der Bruderschaft, z.B. auf der Homepage oder in Festschriften ver\u00f6ffentlicht werden. Jedes Mitglied hat das Recht, der Ver\u00f6ffentlichung zu widersprechen, es sei denn, die Ver\u00f6ffentlichung w\u00e4re nach \u00a7 23 des Gesetzes betreffend das Urheberrecht an Werken der bildenden K\u00fcnste und der Photographie auch ohne Zustimmung zul\u00e4ssig.<\/p>\n\n\n\n<p><strong>Widerrufsrecht<\/strong><\/p>\n\n\n\n<p>Sie haben das Recht, erteilte Einwilligungen gem. Art. 7 Abs. 3 DSGVO mit Wirkung f\u00fcr die Zukunft zu widerrufen. Die damit verbundene Mitgliedschaft in der St. Johannes Sch\u00fctzenbruderschaft Ahrem 1925 e.V. sowie im Bund der Historischen Deutschen Sch\u00fctzenbruderschaften e.V. ist in der Folge mit dem Widerruf erloschen. Ein Widerruf ist schriftlich an den Vorstand der St. Johannes Sch\u00fctzenbruderschaft Ahrem 1925 e.V., M\u00fchlenstra\u00dfe 3, 50374 Erftstadt zu richten.<\/p>\n\n\n\n<p><strong>Widerspruchsrecht<\/strong><\/p>\n\n\n\n<p>Sie k\u00f6nnen der k\u00fcnftigen Verarbeitung der Sie betreffenden Daten nach Ma\u00dfgabe des Art. 21 DSGVO jederzeit widersprechen. Mit dem Widerspruch ist die damit verbundene Mitgliedschaft in der St. Johannes Sch\u00fctzenbruderschaft Ahrem 1925 e.V. sowie im Bund der Historischen Deutschen Sch\u00fctzenbruderschaften e.V. erloschen. Ein Widerspruch ist schriftlich an den Vorstand der St. Johannes Sch\u00fctzenbruderschaft Ahrem 1925 e.V., M\u00fchlenstra\u00dfe 3, 50374 Erftstadt zu richten.<\/p>\n\n\n\n<p>Stand: 20.01.2019<\/p>\n","protected":false},"excerpt":{"rendered":"<p>Diese Datenschutzordnung regelt den Umgang und Verarbeitung personenbezogener Daten Im Sinne der DSGVO und des Bundesdatenschutzgesetztes der St. Johannes Sch\u00fctzenbruderschaft Ahrem 1925 e.V. Die aktuelle Version der Datenschutzordnung der Bruderschaft&#8230;<\/p>\n","protected":false},"author":1,"featured_media":0,"parent":0,"menu_order":0,"comment_status":"closed","ping_status":"open","template":"","meta":{"pgc_sgb_lightbox_settings":"","footnotes":""},"class_list":["post-3","page","type-page","status-publish","hentry"],"_links":{"self":[{"href":"https:\/\/schuetzen-ahrem.de\/stjann\/wp-json\/wp\/v2\/pages\/3","targetHints":{"allow":["GET"]}}],"collection":[{"href":"https:\/\/schuetzen-ahrem.de\/stjann\/wp-json\/wp\/v2\/pages"}],"about":[{"href":"https:\/\/schuetzen-ahrem.de\/stjann\/wp-json\/wp\/v2\/types\/page"}],"author":[{"embeddable":true,"href":"https:\/\/schuetzen-ahrem.de\/stjann\/wp-json\/wp\/v2\/users\/1"}],"replies":[{"embeddable":true,"href":"https:\/\/schuetzen-ahrem.de\/stjann\/wp-json\/wp\/v2\/comments?post=3"}],"version-history":[{"count":3,"href":"https:\/\/schuetzen-ahrem.de\/stjann\/wp-json\/wp\/v2\/pages\/3\/revisions"}],"predecessor-version":[{"id":1007,"href":"https:\/\/schuetzen-ahrem.de\/stjann\/wp-json\/wp\/v2\/pages\/3\/revisions\/1007"}],"wp:attachment":[{"href":"https:\/\/schuetzen-ahrem.de\/stjann\/wp-json\/wp\/v2\/media?parent=3"}],"curies":[{"name":"wp","href":"https:\/\/api.w.org\/{rel}","templated":true}]}}