{"id":361,"date":"2023-02-20T19:39:30","date_gmt":"2023-02-20T18:39:30","guid":{"rendered":"https:\/\/schuetzen-ahrem.de\/stjann\/?page_id=361"},"modified":"2023-02-20T19:40:11","modified_gmt":"2023-02-20T18:40:11","slug":"grusswort-des-jungschuetzenmeisters","status":"publish","type":"page","link":"https:\/\/schuetzen-ahrem.de\/stjann\/jugend\/grusswort-des-jungschuetzenmeisters\/","title":{"rendered":"Gru\u00dfwort des Jungsch\u00fctzenmeisters"},"content":{"rendered":"\n<p><strong>Liebe M\u00e4dchen und Jungen, hallo Kids, hallo Jungsch\u00fctzen!<\/strong><\/p>\n\n\n\n<p>Die Jungsch\u00fctzen sind seit dem Jahre 1932 ein fester und wichtiger Bestandteil unserer Bruderschaft. Mit ca. 60 Mitgliedern ist die Jungsch\u00fctzengruppe damit sozusagen eine feste Gr\u00f6\u00dfe in unserem Dorf, hat einen festen Platz in unserem Vereinsleben und macht zu den verschiedenen Anl\u00e4ssen rege mit.<\/p>\n\n\n\n<p>Die Sch\u00fctzenjugend ist der Stolz unserer Bruderschaft! Denn, wer die Jugend hat, hat die Zukunft! Die Jugend, unsere Sch\u00fctzenjugend, sichert die Zukunft, ist Grundlage f\u00fcr das Weiterbestehen unserer Tradition.<\/p>\n\n\n\n<p>Wir bieten f\u00fcr interessierte M\u00e4dchen und Jungen ab zw\u00f6lf Jahren (mit Sondergenehmigung ab 10) die M\u00f6glichkeit zum Training und Wettbewerb im sportlichen Luftgewehrschie\u00dfen. Mit vereinseigenen Sportger\u00e4ten und Ausr\u00fcstung findet in unserem Sch\u00fctzenheim an zwei Tagen in der Woche unter Aufsicht eines ausgebildeten Schie\u00dfleiters das Training statt.<\/p>\n\n\n\n<p>In Vergleichsk\u00e4mpfen mit Gleichaltrigen aus den Bruderschaften des Bezirks besteht die M\u00f6glichkeit sich in Schie\u00dfwettk\u00e4mpfen zu messen. Hier treten wir mit zwei kompletten Mannschaften an. \u00dcber die j\u00e4hrliche Vereinsmeisterschaft ergibt sich bei entsprechenden Leistungen die Qualifikation zur Teilnahme an den Bezirks- und Di\u00f6zesanmeisterschaften, bis hin zur Bundesmeisterschaft.<\/p>\n\n\n\n<p>Aber unsere Jugendarbeit besteht nicht nur aus Schie\u00dfen \u2013 unsere Aktivit\u00e4ten f\u00fcr die Jugend umfasst ein breites Rahmenprogramm. Im Jugendraum des Sch\u00fctzenheims stehen euch liebe Jugendliche und Kinder zur Freizeitgestaltung Gesellschaftsspiele, Dart, Kicker und eine Musikanlage bzw. TV zur Verf\u00fcgung. Des Weiteren bieten wir noch andere Highlights wie Wochenendfahrt, Tagesausfl\u00fcge, Bowlingabende, Zeltlager und sonstige gemeinsame Unternehmungen. Die Kosten f\u00fcr diese Aktivit\u00e4ten werden \u00fcber die Mitgliedsbeitr\u00e4ge sowie Spenden finanziert.<\/p>\n\n\n\n<p>Selbstverst\u00e4ndlich nimmt unser Nachwuchs auch an den au\u00dfersportlichen Veranstaltungen teil. Hierzu geh\u00f6rt vor allem das Highlight des Jahres, n\u00e4mlich unser eigenes Sch\u00fctzenfest, aber auch der Besuch der Festumz\u00fcge befreundeter Sch\u00fctzengesellschaften im Bezirk Erftstadt. Daneben beteiligen wir uns an gemeinschaftlichen Kirchg\u00e4ngen sowie insbesondere an der Mitgestaltung der Fronleichnamsprozession.<\/p>\n\n\n\n<p>Die Zielsetzung unserer Jugendarbeit ist nat\u00fcrlich nicht das heranziehen kleiner \u201cBallerm\u00e4nner\u201d. Die Erfahrung zeigt uns, dass das Luftgewehr nicht als Waffe, sondern als Sportger\u00e4t gesehen wird. Kleine Rambos verlieren schnell die Lust am Schie\u00dfen, da es sich dabei um eine Sportart handelt, welche gr\u00f6\u00dfte Konzentration und K\u00f6rperbeherrschung erfordert.<\/p>\n\n\n\n<p>Der Schie\u00dfsport f\u00f6rdert eine Menge an F\u00e4higkeiten wie beispielsweise die Konzentrationsf\u00e4higkeit, ein Mindestma\u00df an Kraft, das B\u00fcndeln von Gedanken, Selbst- und K\u00f6rperbeherrschung, Konsequenz und das \u00dcbernehmen von Verantwortung. Die Jugendlichen schulen Ihr Selbstvertrauen und lernen sich als Sch\u00fctze &#8211; und im richtigen Leben &#8211; bei Siegen und Niederlagen fair zu verhalten und mit Sieg oder Niederlage umzugehen. Ein Ziel vor Augen zu haben: Klappt es, kann ich mich \u00fcber den Erfolg freuen \u2013 klappt es nicht, muss ich analysieren warum? \u2013 vielleicht muss ich mich umstellen, das Visier neu einstellen &#8211; meine Sichtweise \u00e4ndern.<\/p>\n\n\n\n<p>Dies gewinnt um so mehr an Bedeutung, wenn man weiss, dass es sich beim Schie\u00dfsport um einen Mannschaftssport handelt. In der Mannschaft tr\u00e4gt jeder unabh\u00e4ngig von seinem Ergebnis zum Gesamtergebnis bei. In der Praxis hei\u00dft dies, dass auch derjenige mit einem schlechten Tag nicht von der Gruppe in die Ecke gestellt wird, sondern von den Freunden getragen wird. Denn nicht jeder ist jeden Tag der Beste. Auf diese Weise lernen unsere Jungsch\u00fctzen auch mal eine Niederlage zu verarbeiten.<\/p>\n\n\n\n<p>Wer gerne Mitglied werden m\u00f6chte erh\u00e4lt Anmeldeformulare bei den Jungsch\u00fctzenmeistern. Um unsere Arbeit auf Dauer zu sichern brauchen wir junge Leute. Und glaubt mir, die Sch\u00fctzenbruderschaft ist nicht so spie\u00dfig wie viele denken. Feiert mal ein Fest mit uns und ihr werdet mir Recht geben!!!<\/p>\n\n\n\n<p>Schaut euch auch diese Internet &#8211; Seiten unserer Sch\u00fctzenjugend an.<\/p>\n\n\n\n<p>Hier seht ihr, was unsere Jungsch\u00fctzen so im Verein machen, was f\u00fcr Spa\u00df sie haben und was alles unternommen wird.<\/p>\n\n\n\n<p>Schau mal rein und vielleicht kommst du auch zu unserer starken Truppe!<\/p>\n\n\n\n<p><strong>Mit freundlichen Sch\u00fctzengr\u00fc\u00dfen<br>Dirk Filz<br>-Jungsch\u00fctzenmeister-<\/strong><\/p>\n","protected":false},"excerpt":{"rendered":"<p>Liebe M\u00e4dchen und Jungen, hallo Kids, hallo Jungsch\u00fctzen! Die Jungsch\u00fctzen sind seit dem Jahre 1932 ein fester und wichtiger Bestandteil unserer Bruderschaft. Mit ca. 60 Mitgliedern ist die Jungsch\u00fctzengruppe damit&#8230;<\/p>\n","protected":false},"author":1,"featured_media":0,"parent":48,"menu_order":0,"comment_status":"closed","ping_status":"closed","template":"","meta":{"pgc_sgb_lightbox_settings":"","footnotes":""},"class_list":["post-361","page","type-page","status-publish","hentry"],"_links":{"self":[{"href":"https:\/\/schuetzen-ahrem.de\/stjann\/wp-json\/wp\/v2\/pages\/361","targetHints":{"allow":["GET"]}}],"collection":[{"href":"https:\/\/schuetzen-ahrem.de\/stjann\/wp-json\/wp\/v2\/pages"}],"about":[{"href":"https:\/\/schuetzen-ahrem.de\/stjann\/wp-json\/wp\/v2\/types\/page"}],"author":[{"embeddable":true,"href":"https:\/\/schuetzen-ahrem.de\/stjann\/wp-json\/wp\/v2\/users\/1"}],"replies":[{"embeddable":true,"href":"https:\/\/schuetzen-ahrem.de\/stjann\/wp-json\/wp\/v2\/comments?post=361"}],"version-history":[{"count":1,"href":"https:\/\/schuetzen-ahrem.de\/stjann\/wp-json\/wp\/v2\/pages\/361\/revisions"}],"predecessor-version":[{"id":362,"href":"https:\/\/schuetzen-ahrem.de\/stjann\/wp-json\/wp\/v2\/pages\/361\/revisions\/362"}],"up":[{"embeddable":true,"href":"https:\/\/schuetzen-ahrem.de\/stjann\/wp-json\/wp\/v2\/pages\/48"}],"wp:attachment":[{"href":"https:\/\/schuetzen-ahrem.de\/stjann\/wp-json\/wp\/v2\/media?parent=361"}],"curies":[{"name":"wp","href":"https:\/\/api.w.org\/{rel}","templated":true}]}}