{"id":366,"date":"2023-02-20T19:45:36","date_gmt":"2023-02-20T18:45:36","guid":{"rendered":"https:\/\/schuetzen-ahrem.de\/stjann\/?page_id=366"},"modified":"2025-05-14T21:29:53","modified_gmt":"2025-05-14T19:29:53","slug":"fahnenschwenkergruppe","status":"publish","type":"page","link":"https:\/\/schuetzen-ahrem.de\/stjann\/jugend\/fahnenschwenkergruppe\/","title":{"rendered":"Fahnenschwenkergruppe"},"content":{"rendered":"\n<p><strong>Die St. Johannes-Sch\u00fctzenbruderschaft Ahrem 1925 e.V. verf\u00fcgt \u00fcber eine Fahnenschwenker-Gruppe, welche im Jahr 1995 auf Grund einer Idee des damaligen Jungsch\u00fctzenmeisters Ferdinand Berger entstanden ist.<\/strong><\/p>\n\n\n\n<figure class=\"wp-block-image size-large is-style-default\"><img fetchpriority=\"high\" decoding=\"async\" width=\"1024\" height=\"768\" src=\"https:\/\/schuetzen-ahrem.de\/stjann\/wp-content\/uploads\/2023\/06\/fahnenschwenker_23-1024x768.jpg\" alt=\"\" class=\"wp-image-1496\" srcset=\"https:\/\/schuetzen-ahrem.de\/stjann\/wp-content\/uploads\/2023\/06\/fahnenschwenker_23-1024x768.jpg 1024w, https:\/\/schuetzen-ahrem.de\/stjann\/wp-content\/uploads\/2023\/06\/fahnenschwenker_23-300x225.jpg 300w, https:\/\/schuetzen-ahrem.de\/stjann\/wp-content\/uploads\/2023\/06\/fahnenschwenker_23-768x576.jpg 768w, https:\/\/schuetzen-ahrem.de\/stjann\/wp-content\/uploads\/2023\/06\/fahnenschwenker_23-1536x1152.jpg 1536w, https:\/\/schuetzen-ahrem.de\/stjann\/wp-content\/uploads\/2023\/06\/fahnenschwenker_23-850x638.jpg 850w, https:\/\/schuetzen-ahrem.de\/stjann\/wp-content\/uploads\/2023\/06\/fahnenschwenker_23.jpg 2048w\" sizes=\"(max-width: 1024px) 100vw, 1024px\" \/><figcaption class=\"wp-element-caption\">Foto 2023 &#8211; v.l.n.r: Felix Berchem, Ralph Krebs, Andreas Krebs, Andreas Scholz, Raphael Moll, Martin Kaeder, Tim Kaeder, Aaron Leifer, Andreas Jung, Nils Vogel<\/figcaption><\/figure>\n\n\n\n<p>Zu den Fahnenschwenkern der ersten Stunde geh\u00f6rten Stephanie Weber und Carsten Berger, die im Rahmen von Lehrg\u00e4ngen in der Kunst des Fahnenschwenkens ausgebildet wurden.<\/p>\n\n\n\n<p>Als Leiter des Fahnencorps sorgt sich Raphael Moll um den Fahnenschwenkernachwuchs in unserer Bruderschaft. Er bildet die Ahremer Fahnenschwenker in diesem Sport durch hartes Training am Sch\u00fctzenheim aus. Interessierte Jugendliche sind selbstverst\u00e4ndlich zum Mitmachen eingeladen.<\/p>\n\n\n\n<p>Momentan besteht das Fahnenschwenkercorps aus 11 Jungsch\u00fctzen. Es sind dies Raphael Moll, Andreas Scholz, Andreas Krebs, Ralph Krebs, Martin Kaeder, Andreas Jung, Nils Vogel, Felix Berchem, Aaron Leifer, Christian Fuchs und Henrik Jan\u00dfen, die mit stolzem Selbstbewusstsein ihre Fahnen tragen.<\/p>\n\n\n\n<p>Die Darbietungen und Showeinlagen der Fahnenschwenker sind fester Bestandteil des Ahremer Sch\u00fctzen-festes. Bei den festlichen Umz\u00fcgen unserer Sch\u00fctzenbruderschaft fallen wir durch unsere wehenden, in wechselnden Figuren durch die Luft wirbelnden Fahnent\u00fccher nat\u00fcrlich besonders auf. Die Fahnen-schwenkergruppe ist eines der besonderen Aush\u00e4ngeschilder unserer Bruderschaft und der ganze Stolz unseres Jungsch\u00fctzenmeisters.<\/p>\n\n\n\n<h3 class=\"wp-block-heading has-text-align-center\">Die Bedeutung des Fahnenschwenkens<\/h3>\n\n\n\n<p>Seit ann\u00e4hernd 600 Jahren werden die Fahnen geschwenkt. Doch au\u00dfer dem fantastischen Erscheinungsbild des Fahnenschwenkens, gibt es auch hier eine tiefere, historische und christliche Bedeutung.<\/p>\n\n\n\n<p>Die Fahnenschwenker stellen mit den geschwenkten Figuren die Fesselung und Entfesselung des heiligen St. Sebastianus dar.<\/p>\n\n\n\n<p>Die Fahne stellt das fesselnde Seil dar, mit dem das Martyrium des Schutzpatrons bei der Fesselung an einen Baum, seinem grausigen H\u00f6hepunkt entgegen ging. Zun\u00e4chst wird das Seil von rechts und links als Schlinge \u00fcber den Kopf geworfen, dann werden beide Handgelenke hinter dem Kopf im Nacken gebunden. Das fesselnde Seil schn\u00fcrt nun den K\u00f6rper zusammen, um ihn dann r\u00fcckw\u00e4rtig an den Baum zu binden. Anschlie\u00dfend werden die Beine geschn\u00fcrt und ebenfalls an den Baum gebunden. Nun muss man sich vorstellen, dass die maurischen Bogensch\u00fctzen mit ihren Pfeilen Sebastianus wegen seines christlichen Glaubens auf Anordnung des Kaisers Diokletian (etwa 290 n. Chr.) beschossen, um ihn zu t\u00f6ten. Ohnm\u00e4chtig sank Sebastianus zusammen und die Bogensch\u00fctzen glaubten ihn tot. Freunde stellten jedoch fest, dass Sebastianus noch lebte und l\u00f6sten die Fesseln. Daher wird die Fahne von den Beinen zum Kopf gef\u00fchrt und stellt die Entfesselung in umgekehrter Form der Fesselung dar.<\/p>\n\n\n\n<p>Die meisten heutigen Figuren sind jedoch nicht an diese doch strenge Weise gebunden, sondern es wird \u00fcberwiegend in der \u201eoffenen Art\u201c geschwenkt.<\/p>\n","protected":false},"excerpt":{"rendered":"<p>Die St. Johannes-Sch\u00fctzenbruderschaft Ahrem 1925 e.V. verf\u00fcgt \u00fcber eine Fahnenschwenker-Gruppe, welche im Jahr 1995 auf Grund einer Idee des damaligen Jungsch\u00fctzenmeisters Ferdinand Berger entstanden ist. Zu den Fahnenschwenkern der ersten&#8230;<\/p>\n","protected":false},"author":1,"featured_media":0,"parent":48,"menu_order":0,"comment_status":"closed","ping_status":"closed","template":"","meta":{"pgc_sgb_lightbox_settings":"","footnotes":""},"class_list":["post-366","page","type-page","status-publish","hentry"],"_links":{"self":[{"href":"https:\/\/schuetzen-ahrem.de\/stjann\/wp-json\/wp\/v2\/pages\/366","targetHints":{"allow":["GET"]}}],"collection":[{"href":"https:\/\/schuetzen-ahrem.de\/stjann\/wp-json\/wp\/v2\/pages"}],"about":[{"href":"https:\/\/schuetzen-ahrem.de\/stjann\/wp-json\/wp\/v2\/types\/page"}],"author":[{"embeddable":true,"href":"https:\/\/schuetzen-ahrem.de\/stjann\/wp-json\/wp\/v2\/users\/1"}],"replies":[{"embeddable":true,"href":"https:\/\/schuetzen-ahrem.de\/stjann\/wp-json\/wp\/v2\/comments?post=366"}],"version-history":[{"count":12,"href":"https:\/\/schuetzen-ahrem.de\/stjann\/wp-json\/wp\/v2\/pages\/366\/revisions"}],"predecessor-version":[{"id":2100,"href":"https:\/\/schuetzen-ahrem.de\/stjann\/wp-json\/wp\/v2\/pages\/366\/revisions\/2100"}],"up":[{"embeddable":true,"href":"https:\/\/schuetzen-ahrem.de\/stjann\/wp-json\/wp\/v2\/pages\/48"}],"wp:attachment":[{"href":"https:\/\/schuetzen-ahrem.de\/stjann\/wp-json\/wp\/v2\/media?parent=366"}],"curies":[{"name":"wp","href":"https:\/\/api.w.org\/{rel}","templated":true}]}}