{"id":383,"date":"2023-02-20T20:50:24","date_gmt":"2023-02-20T19:50:24","guid":{"rendered":"https:\/\/schuetzen-ahrem.de\/stjann\/?page_id=383"},"modified":"2023-04-23T19:54:35","modified_gmt":"2023-04-23T17:54:35","slug":"das-ahremer-koenigssilber","status":"publish","type":"page","link":"https:\/\/schuetzen-ahrem.de\/stjann\/bruderschaft\/das-ahremer-koenigssilber\/","title":{"rendered":"Das Ahremer K\u00f6nigssilber"},"content":{"rendered":"<div class=\"wp-block-image\">\n<figure class=\"alignleft size-full\"><img fetchpriority=\"high\" decoding=\"async\" width=\"300\" height=\"377\" src=\"https:\/\/schuetzen-ahrem.de\/stjann\/wp-content\/uploads\/2023\/02\/koenigskette_gross-e1676922197614.jpg\" alt=\"\" class=\"wp-image-386\" srcset=\"https:\/\/schuetzen-ahrem.de\/stjann\/wp-content\/uploads\/2023\/02\/koenigskette_gross-e1676922197614.jpg 300w, https:\/\/schuetzen-ahrem.de\/stjann\/wp-content\/uploads\/2023\/02\/koenigskette_gross-e1676922197614-239x300.jpg 239w\" sizes=\"(max-width: 300px) 100vw, 300px\" \/><\/figure>\n<\/div>\n\n\n<p>Mit besonderem Stolz schaut unsere Sch\u00fctzenbruderschaft auf ihr K\u00f6nigssilber. Der Materialwert ist zwar nicht sonderlich hoch, daf\u00fcr aber der geschichtliche und ideelle Wert.<\/p>\n\n\n\n<p>Wenn man die einzelnen K\u00f6nigsorden betrachtet, sp\u00fcrt man geradezu wie die K\u00f6nigskette zu einem Geschichtsbuch wird. Viele Sch\u00fctzen unserer Bruderschaft, aber auch die Ahremer B\u00fcrger, k\u00f6nnen beim Nachlesen auf den K\u00f6nigsschildern feststellen, dass sie k\u00f6nigliche Vorfahren und damit K\u00f6nigsblut in ihren Adern haben.<\/p>\n\n\n\n<p>Dabei hatte die Sch\u00fctzenbruderschaft gro\u00dfes Gl\u00fcck, die Kette \u00fcber die Kriege hinweg vor einem Verlust retten zu k\u00f6nnen. So wurde sie \u00fcber den 2. Weltkrieg von Margarete Olligschl\u00e4ger, der Frau des &nbsp;damaligen Sch\u00fctzenk\u00f6nigs &#8211; Theodor Olligschl\u00e4ger -, dank ihrer Wachsamkeit vor einem m\u00f6glichen Verschwinden gerettet, weil sie die K\u00f6nigskette in ihrem Bett unter der Matratze versteckt hielt.<\/p>\n\n\n\n<p>Auf diesem Foto sehen Sie die K\u00f6nigskette mit den Plaketten der einzelnen K\u00f6nige oder K\u00f6niginnen. Jeder K\u00f6nig oder K\u00f6nigin, darf seine Plakette mit Gravur an diese Kette anh\u00e4ngen. Diese Kette wird dann auf Kr\u00f6nungsb\u00e4llen und Sch\u00fctzenumz\u00fcgen getragen und ist das Symbol f\u00fcr die &#8222;Repr\u00e4sentationsfigur&#8220; K\u00f6nig bzw. K\u00f6nigin. Die K\u00f6nigskette wiegt zur Zeit knapp 3 Kilogramm.<\/p>\n\n\n\n<p>Und warum eine Kette?<br><br>Weil es eine \u00fcberlieferte Tradition ist. Was f\u00fcr K\u00f6nige und K\u00f6niginnen die Krone, f\u00fcr den Bischof der Krummstab und f\u00fcr den B\u00fcrgermeister die Amtskette, das ist f\u00fcr den Sch\u00fctzenk\u00f6nig die K\u00f6nigskette.<\/p>\n\n\n\n<p>Unsere Vorfahren haben uns die Kette \u00fcberliefert und sie k\u00fcndet vom Brauchtum, das sich durch die Jahrzehnte erhalten hat.<\/p>\n\n\n\n<p>Sie wird immer wieder bei den Sch\u00fctzenfesten gern und ausgiebig bestaunt. Von unseren Sch\u00fctzen wird sie sehr begehrt und manch einer ist stolz darauf, sie einmal beim Sch\u00fctzenfest als K\u00f6nig tragen zu d\u00fcrfen.&nbsp;<\/p>\n\n\n\n<p>Wie hei\u00dft es doch in Ahrem, so sch\u00f6n: \u201cEin richtiger Sch\u00fctzenbruder muss auch einmal Sch\u00fctzenk\u00f6nig sein!\u201d Der Sch\u00fctzenk\u00f6nig sticht gegen\u00fcber den \u00fcbrigen Sch\u00fctzen dadurch besonders heraus, dass er bei seinen \u00f6ffentlichen Auftritten meistens \u201aseine\u2019 gro\u00dfe Kette tr\u00e4gt.<\/p>\n\n\n<div class=\"wp-block-image\">\n<figure class=\"alignleft size-full\"><img decoding=\"async\" width=\"300\" height=\"370\" src=\"https:\/\/schuetzen-ahrem.de\/stjann\/wp-content\/uploads\/2023\/02\/koenigskette_klein-e1676922261674.jpg\" alt=\"\" class=\"wp-image-385\" srcset=\"https:\/\/schuetzen-ahrem.de\/stjann\/wp-content\/uploads\/2023\/02\/koenigskette_klein-e1676922261674.jpg 300w, https:\/\/schuetzen-ahrem.de\/stjann\/wp-content\/uploads\/2023\/02\/koenigskette_klein-e1676922261674-243x300.jpg 243w\" sizes=\"(max-width: 300px) 100vw, 300px\" \/><\/figure>\n<\/div>\n\n\n<p>Links auf dem Foto ist die \u201akleine\u2019 K\u00f6nigskette abgebildet. Im Jahre 1973 ist sie von dem damaligen K\u00f6nigspaar Heinz und Trudi Struwe gestiftet worden (<a href=\"https:\/\/www.schuetzen-ahrem.de\/html\/tafel_koenig_1970.html\">Foto<\/a>). Heinz Struwe hatte in diesem Jahr die W\u00fcrde des Bezirksk\u00f6nigs des Bezirksverbandes Erftstadt errungen und erstmalig nach Ahrem geholt.<\/p>\n\n\n\n<p>An dieser Stelle nochmals vielen Dank an unseren Sch\u00fctzenbruder Heinz Struwe!&nbsp;<\/p>\n\n\n\n<p>Die \u201akleine\u2019 K\u00f6nigskette ist nicht nur deutlich leichter und damit beim marschieren vertr\u00e4glicher, sie schont auch das Original. Die teilweise schon \u00fcber 70 Jahre alten Silberplaketten werden dadurch weniger beansprucht und n\u00fctzen nicht so stark ab.<\/p>\n\n\n\n<p>Wir w\u00fcnschen uns, dass die gro\u00dfe und kleine K\u00f6nigskette in zuk\u00fcnftigen Zeiten, bei all unseren Festen von stolzen Ahremer W\u00fcrdentr\u00e4gern durch unsere Stra\u00dfen getragen werden k\u00f6nnen.<\/p>\n\n\n\n<p>Unserer Bruderschaft dr\u00fccken wir die Daumen, dass das Sch\u00fctzenwesen weiterhin tief in unserem Dorf verwurzelt bleibt und es niemals an &#8222;K\u00f6nigsbewerbern&#8220; mangelt!&nbsp;<\/p>\n\n\n\n<p>Das folgende, sehr sch\u00f6ne Gedicht m\u00f6ge unseren Weg in die Zukunft begleiten:<\/p>\n\n\n\n<p>So rein wie das Silber der Schilder<br>m\u00f6ge der Sinn der Sch\u00fctzenbr\u00fcder sein.<br>So wie die Schilder durch feste Haken zusammenh\u00e4ngen<br>und ein festes Ganzes bilden,<br>so m\u00f6gen auch die Sch\u00fctzenbr\u00fcder<br>sich als echte Br\u00fcder bew\u00e4hren<br>und N\u00e4chstenliebe, Eintracht und Treue pflegen.<br>Dann wird die Gesellschaft fortbestehen bis in ferne Zeiten,<br>ja, sie m\u00f6ge wachsen, bl\u00fchen und gedeihen!<\/p>\n","protected":false},"excerpt":{"rendered":"<p>Mit besonderem Stolz schaut unsere Sch\u00fctzenbruderschaft auf ihr K\u00f6nigssilber. Der Materialwert ist zwar nicht sonderlich hoch, daf\u00fcr aber der geschichtliche und ideelle Wert. Wenn man die einzelnen K\u00f6nigsorden betrachtet, sp\u00fcrt&#8230;<\/p>\n","protected":false},"author":1,"featured_media":0,"parent":7,"menu_order":0,"comment_status":"closed","ping_status":"closed","template":"","meta":{"pgc_sgb_lightbox_settings":"","footnotes":""},"class_list":["post-383","page","type-page","status-publish","hentry"],"_links":{"self":[{"href":"https:\/\/schuetzen-ahrem.de\/stjann\/wp-json\/wp\/v2\/pages\/383","targetHints":{"allow":["GET"]}}],"collection":[{"href":"https:\/\/schuetzen-ahrem.de\/stjann\/wp-json\/wp\/v2\/pages"}],"about":[{"href":"https:\/\/schuetzen-ahrem.de\/stjann\/wp-json\/wp\/v2\/types\/page"}],"author":[{"embeddable":true,"href":"https:\/\/schuetzen-ahrem.de\/stjann\/wp-json\/wp\/v2\/users\/1"}],"replies":[{"embeddable":true,"href":"https:\/\/schuetzen-ahrem.de\/stjann\/wp-json\/wp\/v2\/comments?post=383"}],"version-history":[{"count":4,"href":"https:\/\/schuetzen-ahrem.de\/stjann\/wp-json\/wp\/v2\/pages\/383\/revisions"}],"predecessor-version":[{"id":1219,"href":"https:\/\/schuetzen-ahrem.de\/stjann\/wp-json\/wp\/v2\/pages\/383\/revisions\/1219"}],"up":[{"embeddable":true,"href":"https:\/\/schuetzen-ahrem.de\/stjann\/wp-json\/wp\/v2\/pages\/7"}],"wp:attachment":[{"href":"https:\/\/schuetzen-ahrem.de\/stjann\/wp-json\/wp\/v2\/media?parent=383"}],"curies":[{"name":"wp","href":"https:\/\/api.w.org\/{rel}","templated":true}]}}