{"id":617,"date":"2023-03-11T22:02:11","date_gmt":"2023-03-11T21:02:11","guid":{"rendered":"https:\/\/schuetzen-ahrem.de\/stjann\/?page_id=617"},"modified":"2023-03-12T18:18:08","modified_gmt":"2023-03-12T17:18:08","slug":"ergebnisse","status":"publish","type":"page","link":"https:\/\/schuetzen-ahrem.de\/stjann\/ergebnisse\/","title":{"rendered":"Ergebnisse"},"content":{"rendered":"\n<div class=\"wp-block-query is-layout-flow wp-block-query-is-layout-flow\"><ul class=\"wp-block-post-template is-layout-flow wp-block-post-template-is-layout-flow\"><li class=\"wp-block-post post-1678 post type-post status-publish format-standard has-post-thumbnail hentry category-ergebnisse\">\n\n<div class=\"wp-block-group\" style=\"padding-top:30px;padding-right:30px;padding-bottom:30px;padding-left:30px\"><div class=\"wp-block-group__inner-container is-layout-flow wp-block-group-is-layout-flow\"><h2 class=\"wp-block-post-title\"><a href=\"https:\/\/schuetzen-ahrem.de\/stjann\/medien\/hubertusschiessen-2023\/\" target=\"_self\" >Hubertusschie\u00dfen 2023<\/a><\/h2>\n\n<div class=\"wp-block-post-excerpt\"><p class=\"wp-block-post-excerpt__excerpt\">Sch\u00fcler Red Dot 1. Platz Zo\u00e9 Manheller 2. Platz Merle Hick 3. Platz Frederik Schade Sch\u00fcler Stehend 1. Platz Henrik Jan\u00dfen 2. Platz Klara Filz Jugend 1. Platz Tim Weisweiler&#8230; <\/p><\/div>\n\n<div class=\"wp-block-post-date\"><time datetime=\"2023-12-11T21:08:52+01:00\">11. Dezember 2023<\/time><\/div><\/div><\/div>\n\n<\/li><li class=\"wp-block-post post-1676 post type-post status-publish format-standard has-post-thumbnail hentry category-ergebnisse\">\n\n<div class=\"wp-block-group\" style=\"padding-top:30px;padding-right:30px;padding-bottom:30px;padding-left:30px\"><div class=\"wp-block-group__inner-container is-layout-flow wp-block-group-is-layout-flow\"><h2 class=\"wp-block-post-title\"><a href=\"https:\/\/schuetzen-ahrem.de\/stjann\/medien\/vereinsmeisterschaft-2023\/\" target=\"_self\" >Vereinsmeisterschaft 2023<\/a><\/h2>\n\n<div class=\"wp-block-post-excerpt\"><p class=\"wp-block-post-excerpt__excerpt\">Sch\u00fcler Red Dot 1. Platz Zo\u00e9 Manheller 2. Platz Frederik Schade 3. Platz Merle Hick Sch\u00fcler Stehend 1. Platz Henrik Jan\u00dfen Jugend 1. Platz Jenny Heiden 2. Platz Christian Fuchs&#8230; <\/p><\/div>\n\n<div class=\"wp-block-post-date\"><time datetime=\"2023-12-11T20:59:51+01:00\">11. Dezember 2023<\/time><\/div><\/div><\/div>\n\n<\/li><li class=\"wp-block-post post-1627 post type-post status-publish format-standard has-post-thumbnail hentry category-ergebnisse\">\n\n<div class=\"wp-block-group\" style=\"padding-top:30px;padding-right:30px;padding-bottom:30px;padding-left:30px\"><div class=\"wp-block-group__inner-container is-layout-flow wp-block-group-is-layout-flow\"><h2 class=\"wp-block-post-title\"><a href=\"https:\/\/schuetzen-ahrem.de\/stjann\/medien\/ergebnisse-kreismeisterschaft-des-rheinischen-schuetzenbundes-2024\/\" target=\"_self\" >Ergebnisse Kreismeisterschaft des Rheinischen Sch\u00fctzenbundes 2024<\/a><\/h2>\n\n<div class=\"wp-block-post-excerpt\"><p class=\"wp-block-post-excerpt__excerpt\">Einzelwertungen: Luftgewehr Herren I 1. Marco Gla\u00df 353,8 Ringe 2. Christian Fuchs 342,9 Ringe Luftgewehr Damen I 1. Jenny Heiden 376,4 Ringe 2. Nina Weisweiler 367,9 Ringe 3. Katrin Hoffs\u00fcmmer&#8230; <\/p><\/div>\n\n<div class=\"wp-block-post-date\"><time datetime=\"2023-12-03T19:44:11+01:00\">3. Dezember 2023<\/time><\/div><\/div><\/div>\n\n<\/li><li class=\"wp-block-post post-648 post type-post status-publish format-standard has-post-thumbnail hentry category-ergebnisse\">\n\n<div class=\"wp-block-group\" style=\"padding-top:30px;padding-right:30px;padding-bottom:30px;padding-left:30px\"><div class=\"wp-block-group__inner-container is-layout-flow wp-block-group-is-layout-flow\"><h2 class=\"wp-block-post-title\"><a href=\"https:\/\/schuetzen-ahrem.de\/stjann\/medien\/ergebnisse-bezirksmeisterschaft-2023\/\" target=\"_self\" >Ergebnisse Bezirksmeisterschaft 2023<\/a><\/h2>\n\n<div class=\"wp-block-post-excerpt\"><p class=\"wp-block-post-excerpt__excerpt\"> <\/p><\/div>\n\n<div class=\"wp-block-post-date\"><time datetime=\"2023-03-12T18:13:47+01:00\">12. M\u00e4rz 2023<\/time><\/div><\/div><\/div>\n\n<\/li><\/ul><\/div>\n","protected":false},"excerpt":{"rendered":"","protected":false},"author":1,"featured_media":0,"parent":0,"menu_order":0,"comment_status":"closed","ping_status":"closed","template":"","meta":{"pgc_sgb_lightbox_settings":"","footnotes":""},"class_list":["post-617","page","type-page","status-publish","hentry"],"_links":{"self":[{"href":"https:\/\/schuetzen-ahrem.de\/stjann\/wp-json\/wp\/v2\/pages\/617","targetHints":{"allow":["GET"]}}],"collection":[{"href":"https:\/\/schuetzen-ahrem.de\/stjann\/wp-json\/wp\/v2\/pages"}],"about":[{"href":"https:\/\/schuetzen-ahrem.de\/stjann\/wp-json\/wp\/v2\/types\/page"}],"author":[{"embeddable":true,"href":"https:\/\/schuetzen-ahrem.de\/stjann\/wp-json\/wp\/v2\/users\/1"}],"replies":[{"embeddable":true,"href":"https:\/\/schuetzen-ahrem.de\/stjann\/wp-json\/wp\/v2\/comments?post=617"}],"version-history":[{"count":7,"href":"https:\/\/schuetzen-ahrem.de\/stjann\/wp-json\/wp\/v2\/pages\/617\/revisions"}],"predecessor-version":[{"id":652,"href":"https:\/\/schuetzen-ahrem.de\/stjann\/wp-json\/wp\/v2\/pages\/617\/revisions\/652"}],"wp:attachment":[{"href":"https:\/\/schuetzen-ahrem.de\/stjann\/wp-json\/wp\/v2\/media?parent=617"}],"curies":[{"name":"wp","href":"https:\/\/api.w.org\/{rel}","templated":true}]}}