{"id":947,"date":"2023-04-07T19:58:40","date_gmt":"2023-04-07T17:58:40","guid":{"rendered":"https:\/\/schuetzen-ahrem.de\/stjann\/?page_id=947"},"modified":"2023-04-07T22:22:33","modified_gmt":"2023-04-07T20:22:33","slug":"grusswort-des-schiessmeisters","status":"publish","type":"page","link":"https:\/\/schuetzen-ahrem.de\/stjann\/schiesssport\/grusswort-des-schiessmeisters\/","title":{"rendered":"Gru\u00dfwort des Schie\u00dfmeisters"},"content":{"rendered":"<div class=\"wp-block-image is-style-default\">\n<figure class=\"alignleft size-full is-resized\"><img fetchpriority=\"high\" decoding=\"async\" src=\"https:\/\/schuetzen-ahrem.de\/stjann\/wp-content\/uploads\/2023\/03\/manheller_marco.jpg\" alt=\"\" class=\"wp-image-887\" width=\"280\" height=\"385\" srcset=\"https:\/\/schuetzen-ahrem.de\/stjann\/wp-content\/uploads\/2023\/03\/manheller_marco.jpg 560w, https:\/\/schuetzen-ahrem.de\/stjann\/wp-content\/uploads\/2023\/03\/manheller_marco-218x300.jpg 218w, https:\/\/schuetzen-ahrem.de\/stjann\/wp-content\/uploads\/2023\/03\/manheller_marco-300x413.jpg 300w\" sizes=\"(max-width: 280px) 100vw, 280px\" \/><\/figure>\n<\/div>\n\n\n<p><strong>Unsere Bruderschaft hat sich zum Ziel gesetzt,<\/strong>&nbsp;das Schie\u00dfen als Sport zu betreiben und diese besondere Art der K\u00f6rperbeherrschung in sportlichen Wettk\u00e4mpfen unter Beweis zu stellen. Dabei spielt das Alter eine untergeordnete Rolle, wie die Praxis zeigt. Von den j\u00fcngsten Sch\u00fctzen bis zu den Senioren liegt eine gro\u00dfe Spanne, in der jeder nach seinen M\u00f6glichkeiten gro\u00dfe sportliche Motivation an den Tag legt. Der Schie\u00dfsport geh\u00f6rt immer noch zu einer der beliebtesten Sportarten unserer Zeit und erfordert, wie jede andere Sportart, ein ausdauerndes und konzentriertes Training. Wer sich f\u00fcr den Schie\u00dfsport interessiert und bei uns mitmachen m\u00f6chte, ist jederzeit herzlich willkommen. Wir verf\u00fcgen seit 2021 \u00fcber eine moderne, digitale Luftgewehr-Schie\u00dfanlage im Sch\u00fctzenhaus. Die Wettk\u00e4mpfe werden auf Bezirksebene des Verbandes Erftstadt und auf Di\u00f6zesan-Ebene K\u00f6ln ausgef\u00fchrt. Bei uns sind ausgebildete Mitglieder aus dem Verein f\u00fcr die Sicherheit und die richtige Anwendung vor Ort anwesend. Trainiert wird unter Anleitung fachkundiger, erfahrener Sch\u00fctzen das wettkampfm\u00e4\u00dfige Schie\u00dfen mit Luftdruckwaffen. Die Jugendtrainings werden gem\u00e4\u00df dem Deutschen Waffengesetz nur von zugelassenen Personen beaufsichtigt. Dazu wird sowohl Konzentrationsf\u00e4higkeit, Ausdauer und Disziplin geschult und gef\u00f6rdert.<\/p>\n\n\n\n<p>Die Aufgaben der Schie\u00dfmeister sind:<\/p>\n\n\n\n<ul class=\"wp-block-list\">\n<li>Planung aller mit dem Schie\u00dfsport zusammenh\u00e4ngenden Aufgaben<\/li>\n\n\n\n<li>Planung und Durchf\u00fchrung von Schie\u00dfveranstaltungen<\/li>\n\n\n\n<li>Sicherstellung des ordnungsgem\u00e4\u00dfen Zustandes der Schie\u00dfanlage<\/li>\n<\/ul>\n\n\n\n<p>Wenn Sie unsere Internetseiten gelesen haben, werden Sie einiges mehr wissen &#8211; \u00fcber den Schie\u00dfsport in unserer Bruderschaft. F\u00fcr eventuelle Fragen stehe ich Ihnen selbstverst\u00e4ndlich mit meinem stv. Schie\u00dfmeister telefonisch oder per eMail zur Verf\u00fcgung. Wenn Sie allerdings wissen wollen, was eine Teilermaschine ist und wie man ins \u201aSchwarze\u2019 trifft, w\u00fcrde ich sagen, dass man das am besten erf\u00e4hrt, wenn man selbst bei den Ahremer Sch\u00fctzen aktiv wird!<br><br><strong>Mit herzlichem Sch\u00fctzengruss<br>Marco Manheller<br>-Schiessmeister-<\/strong><\/p>\n","protected":false},"excerpt":{"rendered":"<p>Unsere Bruderschaft hat sich zum Ziel gesetzt,&nbsp;das Schie\u00dfen als Sport zu betreiben und diese besondere Art der K\u00f6rperbeherrschung in sportlichen Wettk\u00e4mpfen unter Beweis zu stellen. Dabei spielt das Alter eine&#8230;<\/p>\n","protected":false},"author":1,"featured_media":0,"parent":392,"menu_order":0,"comment_status":"closed","ping_status":"closed","template":"","meta":{"pgc_sgb_lightbox_settings":"","footnotes":""},"class_list":["post-947","page","type-page","status-publish","hentry"],"_links":{"self":[{"href":"https:\/\/schuetzen-ahrem.de\/stjann\/wp-json\/wp\/v2\/pages\/947","targetHints":{"allow":["GET"]}}],"collection":[{"href":"https:\/\/schuetzen-ahrem.de\/stjann\/wp-json\/wp\/v2\/pages"}],"about":[{"href":"https:\/\/schuetzen-ahrem.de\/stjann\/wp-json\/wp\/v2\/types\/page"}],"author":[{"embeddable":true,"href":"https:\/\/schuetzen-ahrem.de\/stjann\/wp-json\/wp\/v2\/users\/1"}],"replies":[{"embeddable":true,"href":"https:\/\/schuetzen-ahrem.de\/stjann\/wp-json\/wp\/v2\/comments?post=947"}],"version-history":[{"count":5,"href":"https:\/\/schuetzen-ahrem.de\/stjann\/wp-json\/wp\/v2\/pages\/947\/revisions"}],"predecessor-version":[{"id":999,"href":"https:\/\/schuetzen-ahrem.de\/stjann\/wp-json\/wp\/v2\/pages\/947\/revisions\/999"}],"up":[{"embeddable":true,"href":"https:\/\/schuetzen-ahrem.de\/stjann\/wp-json\/wp\/v2\/pages\/392"}],"wp:attachment":[{"href":"https:\/\/schuetzen-ahrem.de\/stjann\/wp-json\/wp\/v2\/media?parent=947"}],"curies":[{"name":"wp","href":"https:\/\/api.w.org\/{rel}","templated":true}]}}