{"id":949,"date":"2023-04-07T20:01:46","date_gmt":"2023-04-07T18:01:46","guid":{"rendered":"https:\/\/schuetzen-ahrem.de\/stjann\/?page_id=949"},"modified":"2024-12-16T19:33:23","modified_gmt":"2024-12-16T18:33:23","slug":"trainingszeiten","status":"publish","type":"page","link":"https:\/\/schuetzen-ahrem.de\/stjann\/schiesssport\/trainingszeiten\/","title":{"rendered":"Trainingszeiten"},"content":{"rendered":"\n<p><strong>Kommen Sie zu uns und lernen Sie neue Freunde kennen!&nbsp;<\/strong>Wo? Nat\u00fcrlich im Sch\u00fctzenhaus Ahrem. Interessierte Frauen, M\u00e4nner und Jugendliche k\u00f6nnen sich bei allen Vorstandsmitgliedern \u00fcber den Verein und die M\u00f6glichkeiten der Mitwirkung informieren oder zu den angegebenen Trainingszeiten an einem \u201eSchnuppertraining\u201c auf unseren Schie\u00dfst\u00e4nden im Sch\u00fctzenhaus teilnehmen. Zur F\u00f6rderung des vereinsinternen Schie\u00dfsports gibt es eine Reihe von internen Schie\u00dfwettbewerben und Vereinsmeisterschaften \u00fcber das Jahr verteilt. Die Sch\u00fctzenbruderschaft nimmt dar\u00fcber hinaus als Mitglied im Bund der Historischen Deutschen Sch\u00fctzenbruderschaften als auch im Rheinischen Sch\u00fctzenbund mit mehreren Mannschaften an Vergleichschie\u00dfen und Meisterschaften in der Region teil.<\/p>\n\n\n\n<p><strong>Willkommen bei einem tollen Hobby in gem\u00fctlicher Atmosph\u00e4re<\/strong><\/p>\n\n\n\n<p>Unsere Trainingszeiten<\/p>\n\n\n\n<ul class=\"wp-block-list\">\n<li>Jugendtraining Laser (Red Dot): Mittwochs, 17:30 Uhr bis 18:30 Uhr<\/li>\n\n\n\n<li>Training: Montags und Mittwochs, 18:30 Uhr bis 22:00 Uhr<\/li>\n<\/ul>\n\n\n\n<p><strong>Wir schie\u00dfen mit vereinseigenen Waffen, und haben spezielle Gewehre f\u00fcr Sch\u00fcler, Jungsch\u00fctzen und Sch\u00fctzen.<\/strong><\/p>\n\n\n\n<p><em>Luftpistole:<\/em>&nbsp;Zugelassen sind Luftpistolen und CO2-Pistolen jeder Art im Kaliber 4,5 mm. Die \u00e4u\u00dferen Ma\u00dfe d\u00fcrfen 200 mm H\u00f6he, 420 mm L\u00e4nge und 50 mm Breite nicht \u00fcberschreiten, das Gewicht darf maximal 1,5 kg inkl. Laufbeschwerung betragen, das Abzugsgewicht mu\u00df mindestens 500 g aufweisen. Stecher und R\u00fcckstecher sind nicht erlaubt. Mehrlader d\u00fcrfen im Wettkampf nur als Einzellader verwendet werden. Geschossen wird stehend freih\u00e4ndig auf Luftpistolenscheiben (Durchmesser der 10 = 11,5 mm, der Ringe 1 bis 9 = je 8 mm) auf eine Entfernung von 10m.<\/p>\n\n\n\n<p><em>Luftgewehr:<\/em>&nbsp;Zugelassen sind Luftdruck- und CO2-Gewehre im Kaliber 4,5 mm (.177) und einem H\u00f6chstgewicht von 5,5 kg. Geschossen wird mit handels\u00fcblichen Diabolo-Geschossen im Kaliber von maximal 4,5 mm auf eine Entfernung von 10 m auf Luftgewehrscheiben (Durchmesser der 10 = 0,5 mm, Ringabstand = jeweils 2,5 mm). Das Schie\u00dfen erfolgt im Anschlag stehend freih\u00e4ndig, wobei der Sch\u00fctze v\u00f6llig frei (ohne Anlehnung und k\u00fcnstliche St\u00fctzen) stehen mu\u00df. Vereinsintern wird jedoch auch aufgelegt und angestrichen geschossen.<\/p>\n","protected":false},"excerpt":{"rendered":"<p>Kommen Sie zu uns und lernen Sie neue Freunde kennen!&nbsp;Wo? Nat\u00fcrlich im Sch\u00fctzenhaus Ahrem. Interessierte Frauen, M\u00e4nner und Jugendliche k\u00f6nnen sich bei allen Vorstandsmitgliedern \u00fcber den Verein und die M\u00f6glichkeiten&#8230;<\/p>\n","protected":false},"author":1,"featured_media":0,"parent":392,"menu_order":0,"comment_status":"closed","ping_status":"closed","template":"","meta":{"pgc_sgb_lightbox_settings":"","footnotes":""},"class_list":["post-949","page","type-page","status-publish","hentry"],"_links":{"self":[{"href":"https:\/\/schuetzen-ahrem.de\/stjann\/wp-json\/wp\/v2\/pages\/949","targetHints":{"allow":["GET"]}}],"collection":[{"href":"https:\/\/schuetzen-ahrem.de\/stjann\/wp-json\/wp\/v2\/pages"}],"about":[{"href":"https:\/\/schuetzen-ahrem.de\/stjann\/wp-json\/wp\/v2\/types\/page"}],"author":[{"embeddable":true,"href":"https:\/\/schuetzen-ahrem.de\/stjann\/wp-json\/wp\/v2\/users\/1"}],"replies":[{"embeddable":true,"href":"https:\/\/schuetzen-ahrem.de\/stjann\/wp-json\/wp\/v2\/comments?post=949"}],"version-history":[{"count":2,"href":"https:\/\/schuetzen-ahrem.de\/stjann\/wp-json\/wp\/v2\/pages\/949\/revisions"}],"predecessor-version":[{"id":1988,"href":"https:\/\/schuetzen-ahrem.de\/stjann\/wp-json\/wp\/v2\/pages\/949\/revisions\/1988"}],"up":[{"embeddable":true,"href":"https:\/\/schuetzen-ahrem.de\/stjann\/wp-json\/wp\/v2\/pages\/392"}],"wp:attachment":[{"href":"https:\/\/schuetzen-ahrem.de\/stjann\/wp-json\/wp\/v2\/media?parent=949"}],"curies":[{"name":"wp","href":"https:\/\/api.w.org\/{rel}","templated":true}]}}