{"id":963,"date":"2023-04-07T20:47:51","date_gmt":"2023-04-07T18:47:51","guid":{"rendered":"https:\/\/schuetzen-ahrem.de\/stjann\/?page_id=963"},"modified":"2026-02-08T14:57:47","modified_gmt":"2026-02-08T13:57:47","slug":"grusswort-schuetzenfest","status":"publish","type":"page","link":"https:\/\/schuetzen-ahrem.de\/stjann\/schuetzenfest\/grusswort-schuetzenfest\/","title":{"rendered":"In Vorfreude auf das Ahremer Sch\u00fctzenfest"},"content":{"rendered":"\n<p><strong>Liebe Erftst\u00e4dter und Ahremer B\u00fcrger,&nbsp;<br>sehr geehrte G\u00e4ste unserer Sch\u00fctzenbruderschaft,<\/strong><\/p>\n\n\n<div class=\"wp-block-image\">\n<figure class=\"alignleft size-large is-resized\"><img fetchpriority=\"high\" decoding=\"async\" width=\"768\" height=\"1024\" src=\"https:\/\/schuetzen-ahrem.de\/stjann\/wp-content\/uploads\/fuchs_stephan-768x1024.jpg\" alt=\"\" class=\"wp-image-2409\" style=\"aspect-ratio:0.7500150629631861;width:294px;height:auto\" srcset=\"https:\/\/schuetzen-ahrem.de\/stjann\/wp-content\/uploads\/fuchs_stephan-768x1024.jpg 768w, https:\/\/schuetzen-ahrem.de\/stjann\/wp-content\/uploads\/fuchs_stephan-225x300.jpg 225w, https:\/\/schuetzen-ahrem.de\/stjann\/wp-content\/uploads\/fuchs_stephan-1152x1536.jpg 1152w, https:\/\/schuetzen-ahrem.de\/stjann\/wp-content\/uploads\/fuchs_stephan-1536x2048.jpg 1536w, https:\/\/schuetzen-ahrem.de\/stjann\/wp-content\/uploads\/fuchs_stephan-300x400.jpg 300w, https:\/\/schuetzen-ahrem.de\/stjann\/wp-content\/uploads\/fuchs_stephan-850x1133.jpg 850w, https:\/\/schuetzen-ahrem.de\/stjann\/wp-content\/uploads\/fuchs_stephan-87x116.jpg 87w, https:\/\/schuetzen-ahrem.de\/stjann\/wp-content\/uploads\/fuchs_stephan-scaled.jpg 1920w\" sizes=\"(max-width: 768px) 100vw, 768px\" \/><\/figure>\n<\/div>\n\n\n<p>Das Sch\u00fctzenfest ist eines der wenigen gro\u00dfen Veranstaltungen in Ahrem, die zum Erhalt und zur Pflege der Dorfgemeinschaft beitragen. Unsere Vorbereitungen f\u00fcr das Sch\u00fctzenfest sind bereits in vollem Gange. Wir bitten Sie, den Termin schon einmal im Kalender zu notieren. Wie gewohnt werden wir unser Bestes geben, um ein attraktives Fest f\u00fcr Jung und Alt zu organisieren.<\/p>\n\n\n\n<p>Wir w\u00fcnschen uns, dass wieder eine Vielzahl von Besuchern den Weg zu unserem Festplatz in der Ahremer Bachstrasse finden.<\/p>\n\n\n\n<p>An alle B\u00fcrger, Sch\u00fctzenbr\u00fcdern und Sch\u00fctzenschwestern mit ihren Familien, Verwandten und Freunden richten wir ein herzliches Willkommen zum Ahremer Sch\u00fctzen- und Volksfest \u201aSt. Jann\u2019. Erleben Sie sch\u00f6ne und harmonische Sch\u00fctzenfesttage im gro\u00dfen Kreis unserer Ahremer Sch\u00fctzenfamilie! Wir laden Sie herzlich zu allen Tanz-Veranstaltungen mit Live-Musik ein.<\/p>\n\n\n\n<p>Wir bitten insbesondere unsere Mitglieder um rege Teilnahme und ermuntern Sie dazu, Familie, Freunde, Nachbarn und Neub\u00fcrger mitzubringen. Die Ahremer Dorfbev\u00f6lkerung bitten wir, die Stra\u00dfen und H\u00e4user zu beflaggen und F\u00e4hnchen \u00fcber die Strassen aufzuh\u00e4ngen. Bei allen Spendern und Gesch\u00e4ftsleuten, die uns bei der Vorbereitung und der Gestaltung des Festes unterst\u00fctzen, bedanken wir uns sehr herzlich. Allen Besuchern aus nah und fern w\u00fcnschen wir gesellige Stunden bei unseren Veranstaltungen und allen Teilnehmern an den Wettk\u00e4mpfen eine ruhige Hand und ein &#8218;Gut Schuss&#8216;! Die Sch\u00fctzenbruderschaft St. Johannes Ahrem 1925 e.V. freuen sich an allen Festtagen auf ihren Besuch.<\/p>\n\n\n\n<p><strong>Mit freundlichen Sch\u00fctzengr\u00fc\u00dfen<br>Stephan Fuchs<br>-Pr\u00e4sident-<\/strong><\/p>\n","protected":false},"excerpt":{"rendered":"<p>Liebe Erftst\u00e4dter und Ahremer B\u00fcrger,&nbsp;sehr geehrte G\u00e4ste unserer Sch\u00fctzenbruderschaft, Das Sch\u00fctzenfest ist eines der wenigen gro\u00dfen Veranstaltungen in Ahrem, die zum Erhalt und zur Pflege der Dorfgemeinschaft beitragen. Unsere Vorbereitungen&#8230;<\/p>\n","protected":false},"author":1,"featured_media":0,"parent":394,"menu_order":0,"comment_status":"closed","ping_status":"closed","template":"","meta":{"pgc_sgb_lightbox_settings":"","footnotes":""},"class_list":["post-963","page","type-page","status-publish","hentry"],"_links":{"self":[{"href":"https:\/\/schuetzen-ahrem.de\/stjann\/wp-json\/wp\/v2\/pages\/963","targetHints":{"allow":["GET"]}}],"collection":[{"href":"https:\/\/schuetzen-ahrem.de\/stjann\/wp-json\/wp\/v2\/pages"}],"about":[{"href":"https:\/\/schuetzen-ahrem.de\/stjann\/wp-json\/wp\/v2\/types\/page"}],"author":[{"embeddable":true,"href":"https:\/\/schuetzen-ahrem.de\/stjann\/wp-json\/wp\/v2\/users\/1"}],"replies":[{"embeddable":true,"href":"https:\/\/schuetzen-ahrem.de\/stjann\/wp-json\/wp\/v2\/comments?post=963"}],"version-history":[{"count":3,"href":"https:\/\/schuetzen-ahrem.de\/stjann\/wp-json\/wp\/v2\/pages\/963\/revisions"}],"predecessor-version":[{"id":2444,"href":"https:\/\/schuetzen-ahrem.de\/stjann\/wp-json\/wp\/v2\/pages\/963\/revisions\/2444"}],"up":[{"embeddable":true,"href":"https:\/\/schuetzen-ahrem.de\/stjann\/wp-json\/wp\/v2\/pages\/394"}],"wp:attachment":[{"href":"https:\/\/schuetzen-ahrem.de\/stjann\/wp-json\/wp\/v2\/media?parent=963"}],"curies":[{"name":"wp","href":"https:\/\/api.w.org\/{rel}","templated":true}]}}