{"id":969,"date":"2023-04-07T20:50:47","date_gmt":"2023-04-07T18:50:47","guid":{"rendered":"https:\/\/schuetzen-ahrem.de\/stjann\/?page_id=969"},"modified":"2023-04-07T20:50:49","modified_gmt":"2023-04-07T18:50:49","slug":"gaensehaut-feeling","status":"publish","type":"page","link":"https:\/\/schuetzen-ahrem.de\/stjann\/gaensehaut-feeling\/","title":{"rendered":"G\u00e4nsehaut &#8211; Feeling"},"content":{"rendered":"\n<p>Der absolute H\u00f6hepunkt des Sch\u00fctzenfests ist der sonnt\u00e4gliche Festumzug durch den Ort mit anschlie\u00dfender K\u00f6nigsparade. Zahlreiche befreundete Bruderschaften aus der n\u00e4heren Umgebung finden sich ein und machen sich um 14.30 Uhr auf den Weg um ein farbenfrohes Bild in die Strassen von Ahrem zu zaubern. In einem beeindruckenden Umzug f\u00fchrt der Weg an geschm\u00fcckten H\u00e4usern und freundlich winkenden Anwohnern und Zuschauern, die aus nah und fern kommen, vorbei.<\/p>\n\n\n\n<p>Die anschlie\u00dfende K\u00f6nigsparade mit Vorbeimarsch an den K\u00f6nigspaaren vor dem Kirchenportal im Schatten der Pfarrkirche St. Johannes zu Ahrem ist jedes Jahr der H\u00f6hepunkt des Zuges. Die Parade hat sich geradezu zu einem Publikumsmagneten entwickelt und der Anklang bei der Bev\u00f6lkerung ist von Jahr zu Jahr gr\u00f6\u00dfer geworden. Im Rampenlicht stehen hier insbesondere die amtierenden Majest\u00e4ten flankiert von der Bruderschaftsspitze.<\/p>\n\n\n\n<p>Der farbenpr\u00e4chtige Aufmarsch von ca. 1.000 Gr\u00fcnr\u00f6cken und Musikern in Musik- und Tambourcorps ist eine Augenweide. Verein f\u00fcr Verein zieht im Paradeschritt an K\u00f6nigspaar, Ehreng\u00e4sten, Repr\u00e4sentanten der Stadt, Honoratioren und Vorstand der Ahremer Sch\u00fctzenbruderschaft vorbei. Zackig in gerader Formation marschierend schauen die Sch\u00fctzen die zu Ehrenden an und die Offiziere gr\u00fcssen, indem sie mit der rechten Hand am Hutrand bzw. mit vorgehaltenem S\u00e4bel salutieren.<\/p>\n\n\n\n<p>Dazu spielen unsere beiden Hauskapellen &#8211; die &#8218;Ahremer Harmonie&#8216; und der Tambourcorps Rheintreu Friesheim 1927 e. V. gemeinsam die dazu passende schwungvolle Marschmusik, die unter die Haut geht. Eine gro\u00dfe Zuschauerschar beobachtet dieses besondere Schauspiel hautnah von der gegen\u00fcber liegenden Strassenseite. Der Abschluss des Zeremoniells wird mit tosendem Beifall durch die begeisterten Zuschauer belohnt. Nach dem Vorbeimarsch an den Majest\u00e4ten endet der Umzug mit dem Einmarsch auf dem Festplatz an der Bachstrasse.<\/p>\n","protected":false},"excerpt":{"rendered":"<p>Der absolute H\u00f6hepunkt des Sch\u00fctzenfests ist der sonnt\u00e4gliche Festumzug durch den Ort mit anschlie\u00dfender K\u00f6nigsparade. Zahlreiche befreundete Bruderschaften aus der n\u00e4heren Umgebung finden sich ein und machen sich um 14.30&#8230;<\/p>\n","protected":false},"author":1,"featured_media":0,"parent":0,"menu_order":0,"comment_status":"closed","ping_status":"closed","template":"","meta":{"pgc_sgb_lightbox_settings":"","footnotes":""},"class_list":["post-969","page","type-page","status-publish","hentry"],"_links":{"self":[{"href":"https:\/\/schuetzen-ahrem.de\/stjann\/wp-json\/wp\/v2\/pages\/969","targetHints":{"allow":["GET"]}}],"collection":[{"href":"https:\/\/schuetzen-ahrem.de\/stjann\/wp-json\/wp\/v2\/pages"}],"about":[{"href":"https:\/\/schuetzen-ahrem.de\/stjann\/wp-json\/wp\/v2\/types\/page"}],"author":[{"embeddable":true,"href":"https:\/\/schuetzen-ahrem.de\/stjann\/wp-json\/wp\/v2\/users\/1"}],"replies":[{"embeddable":true,"href":"https:\/\/schuetzen-ahrem.de\/stjann\/wp-json\/wp\/v2\/comments?post=969"}],"version-history":[{"count":1,"href":"https:\/\/schuetzen-ahrem.de\/stjann\/wp-json\/wp\/v2\/pages\/969\/revisions"}],"predecessor-version":[{"id":971,"href":"https:\/\/schuetzen-ahrem.de\/stjann\/wp-json\/wp\/v2\/pages\/969\/revisions\/971"}],"wp:attachment":[{"href":"https:\/\/schuetzen-ahrem.de\/stjann\/wp-json\/wp\/v2\/media?parent=969"}],"curies":[{"name":"wp","href":"https:\/\/api.w.org\/{rel}","templated":true}]}}